{"id":966,"date":"2019-04-26T19:49:58","date_gmt":"2019-04-26T17:49:58","guid":{"rendered":"https:\/\/www.bergl2019.eu\/?page_id=966"},"modified":"2019-04-29T20:29:03","modified_gmt":"2019-04-29T18:29:03","slug":"wien-hofburg","status":"publish","type":"page","link":"https:\/\/www.bergl2019.eu\/en\/orte-des-schaffens\/wien-hofburg\/","title":{"rendered":"Wien, Hofburg"},"content":{"rendered":"\n<p>Johann Wenzel Bergl gestaltete auch R\u00e4umlichkeiten in der Wiener\nHofburg, die um 1766 datiert werden. Die beiden Berglzimmer sind auff\u00e4llig\nkr\u00e4ftig in der Farbgebung. Der Horizont liegt tief, die \u00fcppige Vegetation ist\nebenso wie die sich am Ufer pr\u00e4sentierenden Tiere wie der Pelikan, der einen\nFisch verschlingt, die zahlreichen weiteren Tiere wie das Albinokaninchen aus\nfr\u00fcheren Arbeiten bekannt. Spektakul\u00e4r ist die von Bergl gestaltete ge\u00f6ffnete\nTapetent\u00fcr, die die exotische Illusion weiterf\u00fchrt. In der Ferne weist ein\nGeb\u00e4ude auf k\u00fcrzliche menschliche Anwesenheit hin. <\/p>\n\n\n\n<p>Die Berglzimmer k\u00f6nnen im Rahmen eines Besuchs der\nKaiserappartements besichtigt werden. N\u00e4here Informationen entnehmen Sie bitte\nder Website der Wiener Hofburg, https:\/\/www.hofburg-wien.at\/<\/p>\n","protected":false},"excerpt":{"rendered":"<p>Johann Wenzel Bergl gestaltete auch R\u00e4umlichkeiten in der Wiener Hofburg, die um 1766 datiert werden. Die beiden Berglzimmer sind auff\u00e4llig kr\u00e4ftig in der Farbgebung. Der Horizont liegt tief, die \u00fcppige Vegetation ist ebenso wie die sich am Ufer pr\u00e4sentierenden Tiere wie der Pelikan, der einen Fisch verschlingt, die zahlreichen weiteren Tiere wie das Albinokaninchen aus &hellip; <\/p>\n<p class=\"link-more\"><a href=\"https:\/\/www.bergl2019.eu\/en\/orte-des-schaffens\/wien-hofburg\/\" class=\"more-link\">Continue reading<span class=\"screen-reader-text\"> &#8220;Wien, Hofburg&#8221;<\/span><\/a><\/p>\n","protected":false},"author":5,"featured_media":0,"parent":318,"menu_order":0,"comment_status":"closed","ping_status":"closed","template":"","meta":[],"_links":{"self":[{"href":"https:\/\/www.bergl2019.eu\/en\/wp-json\/wp\/v2\/pages\/966"}],"collection":[{"href":"https:\/\/www.bergl2019.eu\/en\/wp-json\/wp\/v2\/pages"}],"about":[{"href":"https:\/\/www.bergl2019.eu\/en\/wp-json\/wp\/v2\/types\/page"}],"author":[{"embeddable":true,"href":"https:\/\/www.bergl2019.eu\/en\/wp-json\/wp\/v2\/users\/5"}],"replies":[{"embeddable":true,"href":"https:\/\/www.bergl2019.eu\/en\/wp-json\/wp\/v2\/comments?post=966"}],"version-history":[{"count":2,"href":"https:\/\/www.bergl2019.eu\/en\/wp-json\/wp\/v2\/pages\/966\/revisions"}],"predecessor-version":[{"id":1039,"href":"https:\/\/www.bergl2019.eu\/en\/wp-json\/wp\/v2\/pages\/966\/revisions\/1039"}],"up":[{"embeddable":true,"href":"https:\/\/www.bergl2019.eu\/en\/wp-json\/wp\/v2\/pages\/318"}],"wp:attachment":[{"href":"https:\/\/www.bergl2019.eu\/en\/wp-json\/wp\/v2\/media?parent=966"}],"curies":[{"name":"wp","href":"https:\/\/api.w.org\/{rel}","templated":true}]}}