{"id":675,"date":"2019-04-06T17:20:32","date_gmt":"2019-04-06T15:20:32","guid":{"rendered":"https:\/\/www.bergl2019.eu\/?page_id=675"},"modified":"2019-04-25T09:48:35","modified_gmt":"2019-04-25T07:48:35","slug":"literatur","status":"publish","type":"page","link":"https:\/\/www.bergl2019.eu\/en\/biography\/literatur\/","title":{"rendered":"Literature"},"content":{"rendered":"\n<p>Petr\nArij\u010duk, K zak\u00e1zk\u00e1m Johanna Wenzela Bergla pro rodn\u00fd Dv\u016fr Kr\u00e1lov\u00e9 nad Labem\/The\nCommissions Johann Wenzel Bergl Received in His Birthplace Dv\u016fr Kr\u00e1lov\u00e9 nad\nLabem, in: Opuscula Historiae Artium, 62, 2013, p. 168-179.<\/p>\n\n\n\n<p>Petr Arij\u010duk, Johann Wenzel Bergl und die\nKreuzwegbilder aus der Kirche in Dyje, in: Zora W\u00f6rg\u00f6tter \/ Ji\u0159\u00ed Kroupa (ed.),\nDie Kirche des Gegei\u00dfelten Heilands in Dyje, Brno 2005, p. 119-128. <\/p>\n\n\n\n<p>Petr Arij\u010duk,Nezn\u00e1m\u00e1 d\u00edla Johanna Wenzela Bergla ve\nv\u00fdchodn\u00edch \u010cech\u00e1ch\/Unbekannte Werke des Johann Wenzel Bergl in Ostb\u00f6hmen, in:\nOpuscula Historiae Artium, Studia Minora Facultatis Philosophicae Universitatis\nBrunensis, 44, 2000, p. 23-40.<\/p>\n\n\n\n<p>Barbora Bal\u00e1\u017eov\u00e1 \/ Jozef Medveck\u00fd, Johann Baptist\nWenzel Bergl. Malby klenieb niekdaj\u0161ieho pavl\u00ednskeho kl\u00e1\u0161torn\u00e9ho Kostola sv.\nJ\u00e1na Krstitela, 1775, Horn\u00e9 Lefantovce, in: Medzi zemou a nebom. Majstri\nbarokovej fresky na Slovensku, Bratislava 2009, p. 128-133.<\/p>\n\n\n\n<p>Monika Dachs, Franz Anton Maulbertsch und sein Kreis:\nStudien zur Wiener Malerei in der zweiten H\u00e4lfte des 18. Jahrhunderts, 3 vol.,\nhabil. (unpubl.), University of Vienna 2003.<\/p>\n\n\n\n<p>Monika Dachs, Neue \u00dcberlegungen zum sogenannten\n\u201eSelbstportr\u00e4t\u201c des Franz Anton Maulbertsch, in: Barockberichte, 16\/17, 1998,\np. 44-53.<\/p>\n\n\n\n<p>Monika Dachs-Nickel, Sakrale Inszenierung im\nSp\u00e4tbarock: Johann Wenzel Bergls Heiliges Grab in der ehemaligen Stiftskirche\nvon Garsten, in: Barockberichte, 51\/52, 2009, p. 437-445.<\/p>\n\n\n\n<p>Burkhard Ellegast, Johann Bergl und das Stift Melk \u2013\neine archivalische Analyse, in: Stift Melk. Geschichte und Gegenwart, Stift\nMelk 1980, p. 66-82.<\/p>\n\n\n\n<p>Gyula Fleischer, Johann Bergl a Budapesti egyetemi\ntemplom mennyezetk\u00e9pfest\u00f6je irta, P\u00e1pa 1931.<\/p>\n\n\n\n<p>Andreas Gamerith, \u00d6sterreichischer Barock. Die\nSammlung Monsignore Sammer, Salzburg 2008, p. 48\u201349, cat. no. 21.<\/p>\n\n\n\n<p>Klara Garas, Barockbeitr\u00e4ge zu den Werken von Johann\nWenzel Bergl, Franz Anton Palko und Anton Kern, in: V\u00edt Vlnas \/ Tom\u00e1\u0161 Sekyrka\n(ed.), Ars baculum vitae. Sbon\u00edk studi\u00ed z&nbsp;d\u011bjin um\u011bn\u00ed a kultury.\nK&nbsp;70. narozenin\u00e1m Prof. Pavla Preisse, Prague 1996, p. 243-249.<\/p>\n\n\n\n<p>Klara Garas, Les dessins de Johann Bergl en Hongrie,\nin: Bulletin du Mus\u00e9e national hongrois des Beaux-Arts 12, 1958, p. 54-62.<\/p>\n\n\n\n<p>Gerlinde Klatte, Produktive Rezeption der Nouvelles\nIndes. Johann Wenzel Bergl und seine Fresken in Ober St. Veit, Melk und Wien,\nin: Gerlinde Klatte\/Helga Pr\u00fcssmann-Zemper\/Katharina Schmidt-Loske (ed.), Exotismus\nund Globalisierung, Brasilien auf Wandteppichen: die Tenture des Indes,\nBerlin\/Munich 2016, p. 239-249.<\/p>\n\n\n\n<p>Peter K\u00f6nig, Schloss Pielach und seine Fresken von\nJohann Bergl, in: \u00d6sterreichische Zeitschrift f\u00fcr Kunst und Denkmalpflege,\nVienna 1975, p. 123-132. <\/p>\n\n\n\n<p>Peter Otto, Johann Bergl 1718 \u2013 1789, diss. (unpubl.),\nUniversity of Vienna 1964.<\/p>\n\n\n\n<p>Anna Petrov\u00e1-Pleskotov\u00e1, Ein unbekanntes Altarbild von\nJ. W. Bergl in Holi\u010d, in: Acta Historiae Artium XXXIV, 1989, p. 177-181.<\/p>\n\n\n\n<p>Emanuel Poche Emanuel Poche, Berglova k\u0159\u00ed\u017eov\u00e1 cesta\nv&nbsp;Opo\u010dn\u011b, in: Ro\u010denka kruhu pro p\u011bstov\u00e1n\u00ed d\u011bjin um\u011bn\u00ed za rok 1934, Prague\n1935, p. 153-156.<\/p>\n\n\n\n<p>Emanuel Poche, Nov\u00e9 poznatky k&nbsp;pr\u00e1ci v\u00edde\u0148sk\u00e9ho\nmal\u00ed\u0159e Jana Bergla, in: Ro\u010denka kruhu pro p\u011bstov\u00e1n\u00ed d\u011bjin um\u011bn\u00ed za rok 1933, Prague\n1934, p. 24-34.<\/p>\n\n\n\n<p>Pavel\nPreiss, Pod Minervin\u00fdm \u0161t\u00edtem. Kapitoly o rakousk\u00e9m um\u011bn\u00ed ve stolet\u00ed\nosv\u00edcenstv\u00ed a jeho vztahu ke Kr\u00e1lovstv\u00ed \u010desk\u00e9mu, Prague 2007, p. 110-120,\n210-212.<\/p>\n\n\n\n<p>Pavel Preiss, \u00d6sterreichische Barockmaler aus der\nNationalgalerie in Prag, Vienna 1977, p. 24-30.<\/p>\n\n\n\n<p>Elisabeth Scherzer, Johann Bergl im Benediktiner Stift\nMelk, dipl. th. (unpubl.), University of Vienna 2010.<\/p>\n\n\n\n<p>Antje Senarchensde-Grancy, Illusionistisch gemalte\nexotische Landschaftsr\u00e4ume des sp\u00e4ten 18. Jahrhunderts in \u00d6sterreich, in: \u00d6sterreichische\nZeitschrift f\u00fcr Kunst und Denkmalpflege 44, Vienna 1990, 3\u20134, p. 141-151.<\/p>\n\n\n\n<p>Lubom\u00edr Slav\u00ed\u010dek, Dodatky k&nbsp;d\u00edlu Johanna Wenzela\nBergla, in: Bulletin Moravsk\u00e9 galerie v&nbsp;Brn\u011b 51, 1995, p. 72-75.<\/p>\n\n\n\n<p>Lubom\u00edr\nSlav\u00ed\u010dek, Johann Wenzel Bergl as a Painter of Altarpieces and Easel Paintings:\nA Reappraisal Based on New Findings, in: Bulletin of the National Gallery in\nPrague 1, 1991, p. 60-71.<\/p>\n\n\n\n<p>Lubom\u00edr\nSlav\u00ed\u010dek, Na okraj v\u00fdstavy rakousk\u00e9ho barokn\u00edho um\u011bn\u00ed v&nbsp;N\u00e1rodn\u00ed galerii,\nin: Um\u011bn\u00ed XXVII, 1979, p. 545-555.<\/p>\n\n\n\n<p>Milo\u0161\nStehl\u00edk, Materi\u00e1lie k&nbsp;d\u011bjin\u00e1m mal\u00ed\u0159stv\u00ed 18. stolet\u00ed na Morav\u011b, in: Sborn\u00edk\nprac\u00ed filozofick\u00e9 fakulty brn\u011bnsk\u00e9 univerzity F 16, 1972, p. 201-202.<\/p>\n\n\n\n<p>Arpad Weixlg\u00e4rtner, Johann Bergl, in: Jahrbuch der k.\nk. Zentral-Kommission f\u00fcr Erforschung und Erhaltung der Kunst und Historischen\nDenkmale N. F. I, 1903, p. 331- 394.<\/p>\n","protected":false},"excerpt":{"rendered":"<p>Petr Arij\u010duk, K zak\u00e1zk\u00e1m Johanna Wenzela Bergla pro rodn\u00fd Dv\u016fr Kr\u00e1lov\u00e9 nad Labem\/The Commissions Johann Wenzel Bergl Received in His Birthplace Dv\u016fr Kr\u00e1lov\u00e9 nad Labem, in: Opuscula Historiae Artium, 62, 2013, p. 168-179. Petr Arij\u010duk, Johann Wenzel Bergl und die Kreuzwegbilder aus der Kirche in Dyje, in: Zora W\u00f6rg\u00f6tter \/ Ji\u0159\u00ed Kroupa (ed.), Die Kirche &hellip; <\/p>\n<p class=\"link-more\"><a href=\"https:\/\/www.bergl2019.eu\/en\/biography\/literatur\/\" class=\"more-link\">Continue reading<span class=\"screen-reader-text\"> &#8220;Literature&#8221;<\/span><\/a><\/p>\n","protected":false},"author":2,"featured_media":0,"parent":487,"menu_order":0,"comment_status":"closed","ping_status":"closed","template":"","meta":[],"_links":{"self":[{"href":"https:\/\/www.bergl2019.eu\/en\/wp-json\/wp\/v2\/pages\/675"}],"collection":[{"href":"https:\/\/www.bergl2019.eu\/en\/wp-json\/wp\/v2\/pages"}],"about":[{"href":"https:\/\/www.bergl2019.eu\/en\/wp-json\/wp\/v2\/types\/page"}],"author":[{"embeddable":true,"href":"https:\/\/www.bergl2019.eu\/en\/wp-json\/wp\/v2\/users\/2"}],"replies":[{"embeddable":true,"href":"https:\/\/www.bergl2019.eu\/en\/wp-json\/wp\/v2\/comments?post=675"}],"version-history":[{"count":3,"href":"https:\/\/www.bergl2019.eu\/en\/wp-json\/wp\/v2\/pages\/675\/revisions"}],"predecessor-version":[{"id":929,"href":"https:\/\/www.bergl2019.eu\/en\/wp-json\/wp\/v2\/pages\/675\/revisions\/929"}],"up":[{"embeddable":true,"href":"https:\/\/www.bergl2019.eu\/en\/wp-json\/wp\/v2\/pages\/487"}],"wp:attachment":[{"href":"https:\/\/www.bergl2019.eu\/en\/wp-json\/wp\/v2\/media?parent=675"}],"curies":[{"name":"wp","href":"https:\/\/api.w.org\/{rel}","templated":true}]}}