{"id":487,"date":"2019-03-19T12:03:08","date_gmt":"2019-03-19T11:03:08","guid":{"rendered":"https:\/\/www.bergl2019.eu\/?page_id=487"},"modified":"2019-04-25T09:45:15","modified_gmt":"2019-04-25T07:45:15","slug":"biography","status":"publish","type":"page","link":"https:\/\/www.bergl2019.eu\/en\/biography\/","title":{"rendered":"Biography"},"content":{"rendered":"\n<p><strong>Johann Wenzel Bergl<\/strong> <\/p>\n\n\n\n<p>( * September 23, 1719 in Dv\u016fr Kr\u00e1lov\u00e9 nad Labem, \u2020 January 15, 1789 in Vienna) was an important painter and decorative artist of the late baroque and rococo. <\/p>\n\n\n\n<div class=\"wp-block-image\"><figure class=\"alignleft\"><img loading=\"lazy\" width=\"1024\" height=\"438\" src=\"https:\/\/www.bergl2019.eu\/wp-content\/uploads\/2019\/03\/cropped-Bergl_Ausschnitte2-2-1024x438.jpg\" alt=\"\" class=\"wp-image-319\" srcset=\"https:\/\/www.bergl2019.eu\/wp-content\/uploads\/2019\/03\/cropped-Bergl_Ausschnitte2-2-1024x438.jpg 1024w, https:\/\/www.bergl2019.eu\/wp-content\/uploads\/2019\/03\/cropped-Bergl_Ausschnitte2-2-300x128.jpg 300w, https:\/\/www.bergl2019.eu\/wp-content\/uploads\/2019\/03\/cropped-Bergl_Ausschnitte2-2-768x329.jpg 768w, https:\/\/www.bergl2019.eu\/wp-content\/uploads\/2019\/03\/cropped-Bergl_Ausschnitte2-2.jpg 2000w\" sizes=\"(max-width: 767px) 89vw, (max-width: 1000px) 54vw, (max-width: 1071px) 543px, 580px\" \/><figcaption>Self-portrait Johann Wenzel Bergl<\/figcaption><\/figure><\/div>\n\n\n\n<p>He mainly derived his fame from his fantastical landscape paintings which he did for the aristocracy and the clergy. The church of the former Benedictine monastery of Mariazell im Wienerwald is regarded as his most important sacred work while the frescos at the garden pavilion of Melk Abbey are his major secular work. In his homeland of Bohemia, expressive scenes of the Via Crucis bear witness to his artistic creativity. He is less known for his work as a painter of ephemeral architecture such as the Holy Sepulchre at Losensteiner chapel in the former Benedictine monastery of Garsten in Upper Austria. <\/p>\n\n\n\n<p>His life<\/p>\n\n\n\n<p>Bergl was born on September 23, 1719 in the North-Bohemian town of Dv\u016fr Kr\u00e1lov\u00e9 nad Labem. The house he was born in was located close to the local church but no longer exists. His presence in Vienna is confirmed from the 1740s onwards. On May 19, 1754 Bergl married Theresia M\u00e4rsch, the daughter of the civic painter Johann Bernhard M\u00e4rsch, in the parish of Saint Ulrich. The Academy painter Franz Anton Maulbertsch, who was also important for Bergl artistically, was witness at the wedding. The couple had eight children, three of them survived their father and were named in his last will and testament: Academy painter Anton, miniature painter Johann as well as their underage sister Theresia Bergl. All three of them lived at the address of their deceased father in the Spittelberg house \u201cBei den 7 Kurf\u00fcrsten\u201d. The coroner\u2019s report of the City of Vienna dated January 15, 1789 gave \u201cVerstopfung der Leber\u201d (constipation of the liver) as the cause of death. <\/p>\n\n\n\n<p>Artistic career<\/p>\n\n\n\n<p>The first indication of Johann Wenzel Bergl as a painter can be found in the enrolment protocols of the Vienna Academy in the year 1749. The institution had been closed between 1745 and 1749. When it was reopened on October 20, 1749, the index of names mentioned Bergl as an artist \u201cliving at the \u2018Schwarze Adler auf der Wendlstadt\u2019\u201d. It can therefore be assumed that he had already received artistic training prior to his time at the Vienna Academy. He probably contributed to the Sala terrena at the Benedictine monastery of Altenburg, particularly to its bizarre \u201cChinese room\u201d (around 1745\/47).\u00a0 <\/p>\n\n\n\n<p>In 1751 he was awarded the second prize in the category Painting by the Vienna Academy; one year later, on October 27, 1752, he won the first Court prize. This award also meant that he was now independent of the guild and was allowed to engage his own assistants. Surprisingly, Bergl did not make use of this possibility at first. Instead he worked on joint projects which he probably carried out in collaboration with his friend and companion Franz Anton Maulbertsch. Maulbertsch (who had himself won an award from the Academy in 1750) became one of Bergl\u2019s defining role models. They both shared a passion for intense examinations of the possibilities of grand and glimmering colouring side by side with a weakness for expressive figures.\u00a0\u00a0 <\/p>\n\n\n\n<p>In the second half of the 1750s and early 1760s, Bergl created Stations of the Cross at Dv\u016fr Kr\u00e1lov\u00e9 (around 1757), Orlice (1759) and for the Capuchin church at Opo\u010dno (1763) in Eastern Bohemia.<\/p>\n\n\n\n<div class=\"wp-block-image\"><figure class=\"alignleft\"><img loading=\"lazy\" width=\"692\" height=\"500\" src=\"https:\/\/www.bergl2019.eu\/wp-content\/uploads\/2019\/03\/The-Way-Olm\u00fctz.jpg\" alt=\"\" class=\"wp-image-468\" srcset=\"https:\/\/www.bergl2019.eu\/wp-content\/uploads\/2019\/03\/The-Way-Olm\u00fctz.jpg 692w, https:\/\/www.bergl2019.eu\/wp-content\/uploads\/2019\/03\/The-Way-Olm\u00fctz-300x217.jpg 300w\" sizes=\"(max-width: 692px) 100vw, 692px\" \/><figcaption>Before and after renovation \u00a9 Olomouc museum<\/figcaption><\/figure><\/div>\n\n\n\n<p> Bergl did his most important sacred work at the church of the former Benedictine monastery of Mariazell im Wienerwald (1758\/59): After having been overshadowed by Maulbertsch for several years in near anonymity, the artist unexpectedly and self-confidently moved into the limelight. His first work already showed Bergl\u2019s main talent for the \u201cdecorative\u201d (without any negative connotation). It is not so much the details of the paintings that attract the viewer into getting lost in them. Instead, the painted framings and the lively figures melt into a strong and ornamental overall effect.&nbsp;&nbsp;&nbsp; <\/p>\n\n\n\n<div class=\"wp-block-image\"><figure class=\"alignleft is-resized\"><img loading=\"lazy\" src=\"https:\/\/www.bergl2019.eu\/wp-content\/uploads\/2019\/03\/Erich-20170908-61-200x300.jpg\" alt=\"\" class=\"wp-image-223\" width=\"310\" height=\"464\" srcset=\"https:\/\/www.bergl2019.eu\/wp-content\/uploads\/2019\/03\/Erich-20170908-61-200x300.jpg 200w, https:\/\/www.bergl2019.eu\/wp-content\/uploads\/2019\/03\/Erich-20170908-61-768x1151.jpg 768w, https:\/\/www.bergl2019.eu\/wp-content\/uploads\/2019\/03\/Erich-20170908-61-683x1024.jpg 683w\" sizes=\"(max-width: 310px) 100vw, 310px\" \/><figcaption>Ceiling fresco at the Basilica of Klein-Mariazell<\/figcaption><\/figure><\/div>\n\n\n\n<p>Bergl came into contact with the \u201ckaiserliche Hofbauamt\u201d, the Imperial body dealing with construction, maybe by arrangement from his father-in-law, the decorative painter Johann Bernhard M\u00e4rsch. The first assignments were carried out in the form of cooperations, for example on the \u201cGr\u00fcnnehaus\u201d at Laxenburg where Bergl worked together with Maulbertsch epigone Andreas Brugger in the years 1760\/61. In 1762\/63 he worked alone on the decoration of six rooms at the Episcopal Summer Palace at Ober-St. Veit which Maria Theresa had just purchased. His paintings of an exotic fauna and flora were an assignment that was of great importance to his future career. He used the famous French tapestry series \u201cNouvelles Indes\u201d by Alexandre-Fran\u00e7ois Desportes as a reference. Elements from these tapestries such as groups of animals, fruit baskets or inhabitants of this seemingly foreign scenery are incorporated into a new coexistence and community according to aesthetic criteria. Palms trees, banana plants, vines and cashew trees are forming a roof made of leaves and appear to negate the boundaries of the room. Later on, Bergl repeated this theme in the garden pavilion of Melk Abbey (1763\/64) , the Hofburg (1766), Sch\u00f6nbrunn Palace (around 1770, 1773\/74) and Donaudorf Palace (1773). Eventually, his handling of these motives became ever more free: In the apartments of Sch\u00f6nbrunn Palace he no longer painted illustrating figures and animals but vases and architectures using antique elements as well as treillages. <\/p>\n\n\n\n<figure class=\"wp-block-image\"><img loading=\"lazy\" width=\"1024\" height=\"768\" src=\"https:\/\/www.bergl2019.eu\/wp-content\/uploads\/2019\/02\/20190118_StiftMelk-Bergl_0012-1024x768.png\" alt=\"\" class=\"wp-image-22\" srcset=\"https:\/\/www.bergl2019.eu\/wp-content\/uploads\/2019\/02\/20190118_StiftMelk-Bergl_0012-1024x768.png 1024w, https:\/\/www.bergl2019.eu\/wp-content\/uploads\/2019\/02\/20190118_StiftMelk-Bergl_0012-300x225.png 300w, https:\/\/www.bergl2019.eu\/wp-content\/uploads\/2019\/02\/20190118_StiftMelk-Bergl_0012-768x576.png 768w, https:\/\/www.bergl2019.eu\/wp-content\/uploads\/2019\/02\/20190118_StiftMelk-Bergl_0012.png 2000w\" sizes=\"(max-width: 767px) 89vw, (max-width: 1000px) 54vw, (max-width: 1071px) 543px, 580px\" \/><figcaption>Fresco \u00a9 Melk Abbey<\/figcaption><\/figure>\n\n\n\n<p>Bergl was working for many monasteries. It was in particular Melk Abbot Urban II Hauer who acted as his patron. After the assignment for the garden pavilion (1763\/64), he commissioned the painter with the decoration of the prelates\u2019 Summer Palace at Pielach (1766\/67), the frescos in the upper library halls of the monastery (1767), the chapel of the Vienna Melkerhof (1773), the prelature chapel at Melk Abbey (1782) as well as with smaller work such as the painting of the monastery\u2019s guest rooms or paintings for the parishes belonging to the monastery. He also did work for the Order of Saint Elisabeth at Vienna Landstrasse, the Cistercians at Neukloster, Wiener Neustadt, the Servites at Sch\u00f6nb\u00fchel, the Paulines at Fels\u00f6-Elefant, Maria Csal\u00e1d and Budapest, the Augustinians in Vienna, the Premonstratensians at Klosterbruck, the Benedictines of the Vienna Schottenstift, as well as for Seitenstetten, Altenburg (pilgrimage church of Maria Dreieichen) and Garsten. Bergl\u2019s Holy Sepulchre at the Losensteiner chapel of the former Benedictine monastery of Garsten is particularly special since ephemeral architectures like this one usually did not survive for long because of the nature of the materials that were used. With restoration work completed, his illusionistic scenic architecture can be viewed in situ during the Easter period. <\/p>\n\n\n\n<div class=\"wp-block-image\"><figure class=\"aligncenter\"><img loading=\"lazy\" width=\"364\" height=\"560\" src=\"https:\/\/www.bergl2019.eu\/wp-content\/uploads\/2019\/03\/Heiliggrabkulissen_in_Garsten-Garsten_Heiliggrab_2015_1_-2.jpg\" alt=\"\" class=\"wp-image-92\" srcset=\"https:\/\/www.bergl2019.eu\/wp-content\/uploads\/2019\/03\/Heiliggrabkulissen_in_Garsten-Garsten_Heiliggrab_2015_1_-2.jpg 364w, https:\/\/www.bergl2019.eu\/wp-content\/uploads\/2019\/03\/Heiliggrabkulissen_in_Garsten-Garsten_Heiliggrab_2015_1_-2-195x300.jpg 195w\" sizes=\"(max-width: 364px) 100vw, 364px\" \/><figcaption>Holy Sepulchre \u00a9 Garsten<\/figcaption><\/figure><\/div>\n","protected":false},"excerpt":{"rendered":"<p>Johann Wenzel Bergl ( * September 23, 1719 in Dv\u016fr Kr\u00e1lov\u00e9 nad Labem, \u2020 January 15, 1789 in Vienna) was an important painter and decorative artist of the late baroque and rococo. He mainly derived his fame from his fantastical landscape paintings which he did for the aristocracy and the clergy. The church of the &hellip; <\/p>\n<p class=\"link-more\"><a href=\"https:\/\/www.bergl2019.eu\/en\/biography\/\" class=\"more-link\">Continue reading<span class=\"screen-reader-text\"> &#8220;Biography&#8221;<\/span><\/a><\/p>\n","protected":false},"author":2,"featured_media":0,"parent":0,"menu_order":0,"comment_status":"closed","ping_status":"closed","template":"","meta":[],"_links":{"self":[{"href":"https:\/\/www.bergl2019.eu\/en\/wp-json\/wp\/v2\/pages\/487"}],"collection":[{"href":"https:\/\/www.bergl2019.eu\/en\/wp-json\/wp\/v2\/pages"}],"about":[{"href":"https:\/\/www.bergl2019.eu\/en\/wp-json\/wp\/v2\/types\/page"}],"author":[{"embeddable":true,"href":"https:\/\/www.bergl2019.eu\/en\/wp-json\/wp\/v2\/users\/2"}],"replies":[{"embeddable":true,"href":"https:\/\/www.bergl2019.eu\/en\/wp-json\/wp\/v2\/comments?post=487"}],"version-history":[{"count":4,"href":"https:\/\/www.bergl2019.eu\/en\/wp-json\/wp\/v2\/pages\/487\/revisions"}],"predecessor-version":[{"id":940,"href":"https:\/\/www.bergl2019.eu\/en\/wp-json\/wp\/v2\/pages\/487\/revisions\/940"}],"wp:attachment":[{"href":"https:\/\/www.bergl2019.eu\/en\/wp-json\/wp\/v2\/media?parent=487"}],"curies":[{"name":"wp","href":"https:\/\/api.w.org\/{rel}","templated":true}]}}