{"id":13,"date":"2019-02-12T13:39:17","date_gmt":"2019-02-12T12:39:17","guid":{"rendered":"https:\/\/bergl2019.eu\/?page_id=13"},"modified":"2019-04-25T10:06:36","modified_gmt":"2019-04-25T08:06:36","slug":"home","status":"publish","type":"page","link":"https:\/\/www.bergl2019.eu\/en\/","title":{"rendered":"Home"},"content":{"rendered":"\n<p><em><strong>Back to \u2026 Eccentricity! 300 years Johann Wenzel Bergl<\/strong><\/em><\/p>\n\n\n\n<p><strong><em>There is so much to discover!<\/em><\/strong><\/p>\n\n\n\n<p><em><strong>The 300th anniversary<\/strong><\/em> of Johann Wenzel Bergl is an invitation to rediscover the artist\u2019s imagery. An examination of his unjustly forgotten oeuvre may reveal aspects of the painter that go much deeper than a fluffy wilderness for spoiled rococo princesses. <br><br><em><strong>Some of the most important places<\/strong><\/em> with works from the master will together commemorate the painter and his oeuvre on the occasion of his anniversary year. It is an event that crosses the boundaries of countries and allows a glimpse of the vast expanse of Central Europe in the baroque period. The main event locations are situated in Lower Austria (Melk Abbey, Basilica of Klein-Mariazell, Sch\u00f6nbrunn Palace, Zwettl Abbey), Vienna and the Czech Republic (Dv\u016fr Kr\u00e1lov\u00e9 and Olomouc). <\/p>\n\n\n\n<p><a rel=\"noreferrer noopener\" aria-label=\"Download Infofolder (\u00f6ffnet in neuem Tab)\" href=\"https:\/\/www.bergl2019.eu\/wp-content\/uploads\/2019\/03\/bergl2019_KM_folder_mail.pdf\" target=\"_blank\">Download info folder (PDF 974 KB)<\/a><\/p>\n","protected":false},"excerpt":{"rendered":"<p>Back to \u2026 Eccentricity! 300 years Johann Wenzel Bergl There is so much to discover! The 300th anniversary of Johann Wenzel Bergl is an invitation to rediscover the artist\u2019s imagery. An examination of his unjustly forgotten oeuvre may reveal aspects of the painter that go much deeper than a fluffy wilderness for spoiled rococo princesses. &hellip; <\/p>\n<p class=\"link-more\"><a href=\"https:\/\/www.bergl2019.eu\/en\/\" class=\"more-link\">Continue reading<span class=\"screen-reader-text\"> &#8220;Home&#8221;<\/span><\/a><\/p>\n","protected":false},"author":1,"featured_media":0,"parent":0,"menu_order":0,"comment_status":"closed","ping_status":"closed","template":"","meta":[],"_links":{"self":[{"href":"https:\/\/www.bergl2019.eu\/en\/wp-json\/wp\/v2\/pages\/13"}],"collection":[{"href":"https:\/\/www.bergl2019.eu\/en\/wp-json\/wp\/v2\/pages"}],"about":[{"href":"https:\/\/www.bergl2019.eu\/en\/wp-json\/wp\/v2\/types\/page"}],"author":[{"embeddable":true,"href":"https:\/\/www.bergl2019.eu\/en\/wp-json\/wp\/v2\/users\/1"}],"replies":[{"embeddable":true,"href":"https:\/\/www.bergl2019.eu\/en\/wp-json\/wp\/v2\/comments?post=13"}],"version-history":[{"count":4,"href":"https:\/\/www.bergl2019.eu\/en\/wp-json\/wp\/v2\/pages\/13\/revisions"}],"predecessor-version":[{"id":954,"href":"https:\/\/www.bergl2019.eu\/en\/wp-json\/wp\/v2\/pages\/13\/revisions\/954"}],"wp:attachment":[{"href":"https:\/\/www.bergl2019.eu\/en\/wp-json\/wp\/v2\/media?parent=13"}],"curies":[{"name":"wp","href":"https:\/\/api.w.org\/{rel}","templated":true}]}}