{"id":869,"date":"2019-04-12T09:22:04","date_gmt":"2019-04-12T07:22:04","guid":{"rendered":"https:\/\/www.bergl2019.eu\/?page_id=869"},"modified":"2019-04-26T19:50:56","modified_gmt":"2019-04-26T17:50:56","slug":"schloss-schoenbrunn-berglzimmer","status":"publish","type":"page","link":"https:\/\/www.bergl2019.eu\/cs\/orte-des-schaffens\/schloss-schoenbrunn-berglzimmer\/","title":{"rendered":"Schlo\u00df Sch\u00f6nbrunn, &#8222;Berglzimmer&#8220;"},"content":{"rendered":"\n<p>Maria Theresia hegte zeitlebens eine besondere Vorliebe und Bewunderung f\u00fcr Exotisches, also f\u00fcr fern\u00f6stliche Kunst, die sie als generell als <em>indianisch <\/em>bezeichnete.<a href=\"#_ftn1\"><\/a> In den Jahren 1769\/70 und im Verlauf der 1770er Jahre lie\u00df die Kaiserinwitwe im Erdgescho\u00df des Schlosses Sch\u00f6nbrunn die sogenannten <em>Berglzimmer<\/em> mit illusionistischen Landschaftsmalereien ausstatten.  <br><\/p>\n\n\n\n<div class=\"wp-block-image\"><figure class=\"alignright is-resized\"><img loading=\"lazy\" src=\"https:\/\/www.bergl2019.eu\/wp-content\/uploads\/2019\/04\/Bergl_1_chroma.jpg\" alt=\"https:\/\/commons.wikimedia.org\/wiki\/File:Bergl_1_chroma.jpg\" class=\"wp-image-872\" width=\"270\" height=\"389\" srcset=\"https:\/\/www.bergl2019.eu\/wp-content\/uploads\/2019\/04\/Bergl_1_chroma.jpg 414w, https:\/\/www.bergl2019.eu\/wp-content\/uploads\/2019\/04\/Bergl_1_chroma-208x300.jpg 208w\" sizes=\"(max-width: 270px) 100vw, 270px\" \/><figcaption>Berglzimmer Sch\u00f6nbrunn, Foto by Archive European wall and ceiling painting Institute of Frescography<\/figcaption><\/figure><\/div>\n\n\n\n<p>Bereits wenige Jahre davor hatte sie Johann Wenzel Bergl mit \u00e4hnlich exotischen Landschaftsgem\u00e4lden im erzbisch\u00f6flichen Palais in Ober-Sankt-Veit beauftragt, das die Monarchin im Jahre 1762 erworben hatte. Die dort ausgef\u00fchrten Landschaftsmalereien hatten sie ganz offensichtlich begeistert, zumal sie Bergl in der Folge in der Hofburg wie auch in Sch\u00f6nbrunn mit diesen von ihr besonders gesch\u00e4tzten Wanddekorationen in \u201e<em>indischer, americanischer oder japanischer Art<\/em>\u201c beauftragte. Es handelt sich um illusionistische, gro\u00dfteils exotische Landschaften, die Wand und W\u00f6lbung g\u00e4nzlich \u00fcberziehen mit dem Ziel, die Raumgrenzen zu verschleiern. Die Malereien in den Sch\u00f6nbrunner Appartements wurden bei den Wandfl\u00e4chen auf Leinwand in Eitempera-Technik aufgebracht, im Deckenbereich dagegen direkt auf die Wand in Secco-Technik.<\/p>\n\n\n\n<hr class=\"wp-block-separator\"\/>\n\n\n\n<p>Bergl schuf in Sch\u00f6nbrunn drei Raumensembles mit Landschaftsmalereien, von denen das an der \u00f6stlichen S\u00fcdseite zum Gro\u00dfen Parterre ausgerichtete der alternden Monarchin als privates Sommerappartement diente; das an dem Meidlinger Kammergarten gelegene ostseitige Appartement wurde von der am Wiener Hof lebenden Erzherzogin Maria Elisabeth genutzt, das an der westlichen S\u00fcdseite gelegene vom j\u00fcngsten Erzherzog Maximilian Franz. <br><br><\/p>\n","protected":false},"excerpt":{"rendered":"<p>Maria Theresia hegte zeitlebens eine besondere Vorliebe und Bewunderung f\u00fcr Exotisches, also f\u00fcr fern\u00f6stliche Kunst, die sie als generell als indianisch bezeichnete. In den Jahren 1769\/70 und im Verlauf der 1770er Jahre lie\u00df die Kaiserinwitwe im Erdgescho\u00df des Schlosses Sch\u00f6nbrunn die sogenannten Berglzimmer mit illusionistischen Landschaftsmalereien ausstatten. Bereits wenige Jahre davor hatte sie Johann Wenzel &hellip; <\/p>\n<p class=\"link-more\"><a href=\"https:\/\/www.bergl2019.eu\/cs\/orte-des-schaffens\/schloss-schoenbrunn-berglzimmer\/\" class=\"more-link\">Pokra\u010dovat ve \u010dten\u00ed<span class=\"screen-reader-text\"> &#8222;Schlo\u00df Sch\u00f6nbrunn, &#8222;Berglzimmer&#8220;&#8220;<\/span><\/a><\/p>\n","protected":false},"author":3,"featured_media":0,"parent":318,"menu_order":0,"comment_status":"closed","ping_status":"closed","template":"","meta":[],"_links":{"self":[{"href":"https:\/\/www.bergl2019.eu\/cs\/wp-json\/wp\/v2\/pages\/869"}],"collection":[{"href":"https:\/\/www.bergl2019.eu\/cs\/wp-json\/wp\/v2\/pages"}],"about":[{"href":"https:\/\/www.bergl2019.eu\/cs\/wp-json\/wp\/v2\/types\/page"}],"author":[{"embeddable":true,"href":"https:\/\/www.bergl2019.eu\/cs\/wp-json\/wp\/v2\/users\/3"}],"replies":[{"embeddable":true,"href":"https:\/\/www.bergl2019.eu\/cs\/wp-json\/wp\/v2\/comments?post=869"}],"version-history":[{"count":3,"href":"https:\/\/www.bergl2019.eu\/cs\/wp-json\/wp\/v2\/pages\/869\/revisions"}],"predecessor-version":[{"id":876,"href":"https:\/\/www.bergl2019.eu\/cs\/wp-json\/wp\/v2\/pages\/869\/revisions\/876"}],"up":[{"embeddable":true,"href":"https:\/\/www.bergl2019.eu\/cs\/wp-json\/wp\/v2\/pages\/318"}],"wp:attachment":[{"href":"https:\/\/www.bergl2019.eu\/cs\/wp-json\/wp\/v2\/media?parent=869"}],"curies":[{"name":"wp","href":"https:\/\/api.w.org\/{rel}","templated":true}]}}