{"id":727,"date":"2019-04-06T21:28:58","date_gmt":"2019-04-06T19:28:58","guid":{"rendered":"https:\/\/www.bergl2019.eu\/?page_id=727"},"modified":"2019-04-30T10:32:41","modified_gmt":"2019-04-30T08:32:41","slug":"wien-melkerhofkapelle","status":"publish","type":"page","link":"https:\/\/www.bergl2019.eu\/cs\/orte-des-schaffens\/wien-melkerhofkapelle\/","title":{"rendered":"Wien, Melkerhofkapelle"},"content":{"rendered":"\n<p>Neben dem eigentlichen Kloster z\u00e4hlen auch Amts- und\nWirtschaftsh\u00f6fe zu Kl\u00f6stern und Stiften. Im 14. Jahrhundert besa\u00df das Stift\nMelk mehrere Grundst\u00fccke in Wien, 1439 wurde ein <em>Melkerhof vor dem Werderthor<\/em> in einer Urkunde erw\u00e4hnt. Seit dem 17.\nJahrhundert hatte das Kloster das Schankrecht, die Erlaubnis Wein einzulagern\nund auszuschenken.<\/p>\n\n\n\n<p>Klosterh\u00f6fe erf\u00fcllten aber auch eine repr\u00e4sentative\nFunktion. Die Melker \u00c4bte waren in der Pr\u00e4latenkurie der Landst\u00e4nde unter der\nEnns vertreten, sowie als Priester und Berater dem Kaiserhaus nahe. Besonders im\n17. und 18. Jahrhundert, als die Melker \u00c4bte Vorsitzende des Pr\u00e4latenstandes\nwaren, weilten sie oft im Wiener Melkerhof. In den Jahren 1769 bis 1775,\nw\u00e4hrend der Regentschaft von Abt Urban II. Hauer, wurde der Melkerhof in der\nSchottengasse durch den Architekten Josef Ignaz Gerl um- und neugebaut. <\/p>\n\n\n\n<p>Abt Urban II., der gro\u00dfe F\u00f6rderer Johann Wenzel Bergls,\nbeauftragte ihn mit der malerischen Ausstattung der Melkerhofkapelle und der\nSala Terrena im Wiener Melkerhof, die in den Jahren 1772\/73 erfolgte. Dargestellt\nsind die Dreifaltigkeit umgeben von den Patronen des Klosters, Petrus und\nPaulus, Koloman und Benedikt sowie Moses und Aaron. Auf der Orgelempore\nmusiziert ein himmlischer Engelschor. <\/p>\n\n\n\n<p>Der Wiener Melkerhof befindet sich in Privatbesitz und kann\nnicht \u00f6ffentlich besichtigt werden.<\/p>\n\n\n\n<figure class=\"wp-block-image\"><img loading=\"lazy\" width=\"1024\" height=\"576\" src=\"https:\/\/www.bergl2019.eu\/wp-content\/uploads\/2019\/04\/IMG-20190224-WA0008-1024x576.jpg\" alt=\"\" class=\"wp-image-962\" srcset=\"https:\/\/www.bergl2019.eu\/wp-content\/uploads\/2019\/04\/IMG-20190224-WA0008-1024x576.jpg 1024w, https:\/\/www.bergl2019.eu\/wp-content\/uploads\/2019\/04\/IMG-20190224-WA0008-300x169.jpg 300w, https:\/\/www.bergl2019.eu\/wp-content\/uploads\/2019\/04\/IMG-20190224-WA0008-768x432.jpg 768w, https:\/\/www.bergl2019.eu\/wp-content\/uploads\/2019\/04\/IMG-20190224-WA0008.jpg 1600w\" sizes=\"(max-width: 767px) 89vw, (max-width: 1000px) 54vw, (max-width: 1071px) 543px, 580px\" \/><figcaption>Wien, Melkerhofkapelle, Orgelempore, Christine Fischeneder-Meiseneder<\/figcaption><\/figure>\n","protected":false},"excerpt":{"rendered":"<p>Neben dem eigentlichen Kloster z\u00e4hlen auch Amts- und Wirtschaftsh\u00f6fe zu Kl\u00f6stern und Stiften. Im 14. Jahrhundert besa\u00df das Stift Melk mehrere Grundst\u00fccke in Wien, 1439 wurde ein Melkerhof vor dem Werderthor in einer Urkunde erw\u00e4hnt. Seit dem 17. Jahrhundert hatte das Kloster das Schankrecht, die Erlaubnis Wein einzulagern und auszuschenken. Klosterh\u00f6fe erf\u00fcllten aber auch eine &hellip; <\/p>\n<p class=\"link-more\"><a href=\"https:\/\/www.bergl2019.eu\/cs\/orte-des-schaffens\/wien-melkerhofkapelle\/\" class=\"more-link\">Pokra\u010dovat ve \u010dten\u00ed<span class=\"screen-reader-text\"> &#8222;Wien, Melkerhofkapelle&#8220;<\/span><\/a><\/p>\n","protected":false},"author":5,"featured_media":0,"parent":318,"menu_order":0,"comment_status":"closed","ping_status":"closed","template":"","meta":[],"_links":{"self":[{"href":"https:\/\/www.bergl2019.eu\/cs\/wp-json\/wp\/v2\/pages\/727"}],"collection":[{"href":"https:\/\/www.bergl2019.eu\/cs\/wp-json\/wp\/v2\/pages"}],"about":[{"href":"https:\/\/www.bergl2019.eu\/cs\/wp-json\/wp\/v2\/types\/page"}],"author":[{"embeddable":true,"href":"https:\/\/www.bergl2019.eu\/cs\/wp-json\/wp\/v2\/users\/5"}],"replies":[{"embeddable":true,"href":"https:\/\/www.bergl2019.eu\/cs\/wp-json\/wp\/v2\/comments?post=727"}],"version-history":[{"count":3,"href":"https:\/\/www.bergl2019.eu\/cs\/wp-json\/wp\/v2\/pages\/727\/revisions"}],"predecessor-version":[{"id":965,"href":"https:\/\/www.bergl2019.eu\/cs\/wp-json\/wp\/v2\/pages\/727\/revisions\/965"}],"up":[{"embeddable":true,"href":"https:\/\/www.bergl2019.eu\/cs\/wp-json\/wp\/v2\/pages\/318"}],"wp:attachment":[{"href":"https:\/\/www.bergl2019.eu\/cs\/wp-json\/wp\/v2\/media?parent=727"}],"curies":[{"name":"wp","href":"https:\/\/api.w.org\/{rel}","templated":true}]}}