{"id":724,"date":"2019-04-06T21:28:25","date_gmt":"2019-04-06T19:28:25","guid":{"rendered":"https:\/\/www.bergl2019.eu\/?page_id=724"},"modified":"2019-04-30T10:31:48","modified_gmt":"2019-04-30T08:31:48","slug":"melk-benediktinerstift-melk-praelaturkapelle","status":"publish","type":"page","link":"https:\/\/www.bergl2019.eu\/cs\/orte-des-schaffens\/melk-benediktinerstift-melk-praelaturkapelle\/","title":{"rendered":"Melk, Benediktinerstift Melk, Pr\u00e4laturkapelle"},"content":{"rendered":"\n<p>Im Jahr 1782 sollte Johann Wenzel Bergl die private Kapelle\nin den R\u00e4umlichkeiten des Abtes, die Pr\u00e4laturkapelle, neu ausstatten. Thematisch\nzeigt Bergl die Anbetung des Heiligen Lammes durch die vier apokalyptischen Wesen\nund die Patrone des Klosters, Benedikt und Koloman, Petrus und Paulus, sowie Moses\nund Aaron. Wie die Prioratsephemeriden, die tagebuchartigen Eintragungen des\nPriors, berichten, malte Bergl dieses Fresco in nur zw\u00f6lf Tagen. Bei genauer\nBetrachtung lassen sich Ritzungen im Putz erkennen, die die Komposition des vorhergehenden\nFrescos erkennen lassen.<\/p>\n\n\n\n<p>Die Kapelle kann nicht \u00f6ffentlich besichtigt werden.<\/p>\n","protected":false},"excerpt":{"rendered":"<p>Im Jahr 1782 sollte Johann Wenzel Bergl die private Kapelle in den R\u00e4umlichkeiten des Abtes, die Pr\u00e4laturkapelle, neu ausstatten. Thematisch zeigt Bergl die Anbetung des Heiligen Lammes durch die vier apokalyptischen Wesen und die Patrone des Klosters, Benedikt und Koloman, Petrus und Paulus, sowie Moses und Aaron. Wie die Prioratsephemeriden, die tagebuchartigen Eintragungen des Priors, &hellip; <\/p>\n<p class=\"link-more\"><a href=\"https:\/\/www.bergl2019.eu\/cs\/orte-des-schaffens\/melk-benediktinerstift-melk-praelaturkapelle\/\" class=\"more-link\">Pokra\u010dovat ve \u010dten\u00ed<span class=\"screen-reader-text\"> &#8222;Melk, Benediktinerstift Melk, Pr\u00e4laturkapelle&#8220;<\/span><\/a><\/p>\n","protected":false},"author":5,"featured_media":0,"parent":318,"menu_order":0,"comment_status":"closed","ping_status":"closed","template":"","meta":[],"_links":{"self":[{"href":"https:\/\/www.bergl2019.eu\/cs\/wp-json\/wp\/v2\/pages\/724"}],"collection":[{"href":"https:\/\/www.bergl2019.eu\/cs\/wp-json\/wp\/v2\/pages"}],"about":[{"href":"https:\/\/www.bergl2019.eu\/cs\/wp-json\/wp\/v2\/types\/page"}],"author":[{"embeddable":true,"href":"https:\/\/www.bergl2019.eu\/cs\/wp-json\/wp\/v2\/users\/5"}],"replies":[{"embeddable":true,"href":"https:\/\/www.bergl2019.eu\/cs\/wp-json\/wp\/v2\/comments?post=724"}],"version-history":[{"count":2,"href":"https:\/\/www.bergl2019.eu\/cs\/wp-json\/wp\/v2\/pages\/724\/revisions"}],"predecessor-version":[{"id":959,"href":"https:\/\/www.bergl2019.eu\/cs\/wp-json\/wp\/v2\/pages\/724\/revisions\/959"}],"up":[{"embeddable":true,"href":"https:\/\/www.bergl2019.eu\/cs\/wp-json\/wp\/v2\/pages\/318"}],"wp:attachment":[{"href":"https:\/\/www.bergl2019.eu\/cs\/wp-json\/wp\/v2\/media?parent=724"}],"curies":[{"name":"wp","href":"https:\/\/api.w.org\/{rel}","templated":true}]}}