{"id":721,"date":"2019-04-06T21:27:20","date_gmt":"2019-04-06T19:27:20","guid":{"rendered":"https:\/\/www.bergl2019.eu\/?page_id=721"},"modified":"2019-04-30T10:31:27","modified_gmt":"2019-04-30T08:31:27","slug":"melk-benediktinerstift-melk-gartenpavillon","status":"publish","type":"page","link":"https:\/\/www.bergl2019.eu\/cs\/orte-des-schaffens\/melk-benediktinerstift-melk-gartenpavillon\/","title":{"rendered":"Melk, Benediktinerstift Melk, Gartenpavillon"},"content":{"rendered":"\n<p>Im Jahr 1763 beauftragte Abt Urban II. Hauer (reg. 1763-1785) Johann Wenzel Bergl mit der Ausstattung des Lusthauses, das bereits unter seinem Vorg\u00e4nger errichtet worden war. Wie in Schloss Ober-St. Veit stattete er in den Jahren 1763\/64 zwei R\u00e4ume im Gartenpavillon mit exotischen Landschaften aus. Vegetation und Tiergruppen erinnern stark an die Malereien in Schloss Ober-St. Veit [siehe Orte des Schaffens Schloss Ober-St. Veit] wurden aber neu zusammengesetzt. <\/p>\n\n\n\n<figure class=\"wp-block-image\"><img loading=\"lazy\" width=\"1006\" height=\"1024\" src=\"https:\/\/www.bergl2019.eu\/wp-content\/uploads\/2019\/04\/DSC01444-Kopie-1006x1024.jpg\" alt=\"\" class=\"wp-image-1016\" srcset=\"https:\/\/www.bergl2019.eu\/wp-content\/uploads\/2019\/04\/DSC01444-Kopie-1006x1024.jpg 1006w, https:\/\/www.bergl2019.eu\/wp-content\/uploads\/2019\/04\/DSC01444-Kopie-295x300.jpg 295w, https:\/\/www.bergl2019.eu\/wp-content\/uploads\/2019\/04\/DSC01444-Kopie-768x782.jpg 768w\" sizes=\"(max-width: 767px) 89vw, (max-width: 1000px) 54vw, (max-width: 1071px) 543px, 580px\" \/><figcaption> Stift Melk, Gartenpavillon, Spielzimmer, Christine Fischeneder-Meiseneder <\/figcaption><\/figure>\n\n\n\n<p>Als Vorbild diente Bergl eine Tapisserienserie, die sogenannten Indes, die in Frankreich gewirkt worden waren und meist als diplomatische Geschenke verliehen wurden. Die Wandteppiche zeigen eine artifizielle Tier- und Pflanzenwelt, die nach \u00e4sthetischen Kriterien angeordnet wurde. Bergl setzte Elemente aus den Tapisserien nach neuen Gesichtspunkten in das Medium der Malerei, als Wandmalereien, um. <\/p>\n\n\n\n<p>B\u00e4ume in den Ecken und Fensternischenkanten verschleiern die Raumgrenzen. Wasser scheint aus der Malerei in den realen Raum zu pl\u00e4tschern und Ranken \u00fcber die Br\u00fcstung zu klettern. Die illusionistische Landschaft wirkt so als w\u00fcrde sie mit der realen Architektur verschmelzen und in der Gartenanlage ihre Fortsetzung finden. <\/p>\n\n\n\n<p>Im zentralen Hauptraum verband Bergl die Allegorien der bekannten Erdteile mit der in Gartenarchitekturen beliebten Thematik der Jahreszeiten.<\/p>\n\n\n\n<figure class=\"wp-block-image\"><img loading=\"lazy\" width=\"1024\" height=\"681\" src=\"https:\/\/www.bergl2019.eu\/wp-content\/uploads\/2019\/04\/DSC01494-Kopie-1024x681.jpg\" alt=\"\" class=\"wp-image-970\" srcset=\"https:\/\/www.bergl2019.eu\/wp-content\/uploads\/2019\/04\/DSC01494-Kopie-1024x681.jpg 1024w, https:\/\/www.bergl2019.eu\/wp-content\/uploads\/2019\/04\/DSC01494-Kopie-300x200.jpg 300w, https:\/\/www.bergl2019.eu\/wp-content\/uploads\/2019\/04\/DSC01494-Kopie-768x511.jpg 768w\" sizes=\"(max-width: 767px) 89vw, (max-width: 1000px) 54vw, (max-width: 1071px) 543px, 580px\" \/><figcaption>Stift Melk, Gartenpavillon, Spielzimmer, Christine Fischeneder-Meiseneder<\/figcaption><\/figure>\n","protected":false},"excerpt":{"rendered":"<p>Im Jahr 1763 beauftragte Abt Urban II. Hauer (reg. 1763-1785) Johann Wenzel Bergl mit der Ausstattung des Lusthauses, das bereits unter seinem Vorg\u00e4nger errichtet worden war. Wie in Schloss Ober-St. Veit stattete er in den Jahren 1763\/64 zwei R\u00e4ume im Gartenpavillon mit exotischen Landschaften aus. Vegetation und Tiergruppen erinnern stark an die Malereien in Schloss &hellip; <\/p>\n<p class=\"link-more\"><a href=\"https:\/\/www.bergl2019.eu\/cs\/orte-des-schaffens\/melk-benediktinerstift-melk-gartenpavillon\/\" class=\"more-link\">Pokra\u010dovat ve \u010dten\u00ed<span class=\"screen-reader-text\"> &#8222;Melk, Benediktinerstift Melk, Gartenpavillon&#8220;<\/span><\/a><\/p>\n","protected":false},"author":5,"featured_media":0,"parent":318,"menu_order":0,"comment_status":"closed","ping_status":"closed","template":"","meta":[],"_links":{"self":[{"href":"https:\/\/www.bergl2019.eu\/cs\/wp-json\/wp\/v2\/pages\/721"}],"collection":[{"href":"https:\/\/www.bergl2019.eu\/cs\/wp-json\/wp\/v2\/pages"}],"about":[{"href":"https:\/\/www.bergl2019.eu\/cs\/wp-json\/wp\/v2\/types\/page"}],"author":[{"embeddable":true,"href":"https:\/\/www.bergl2019.eu\/cs\/wp-json\/wp\/v2\/users\/5"}],"replies":[{"embeddable":true,"href":"https:\/\/www.bergl2019.eu\/cs\/wp-json\/wp\/v2\/comments?post=721"}],"version-history":[{"count":4,"href":"https:\/\/www.bergl2019.eu\/cs\/wp-json\/wp\/v2\/pages\/721\/revisions"}],"predecessor-version":[{"id":1019,"href":"https:\/\/www.bergl2019.eu\/cs\/wp-json\/wp\/v2\/pages\/721\/revisions\/1019"}],"up":[{"embeddable":true,"href":"https:\/\/www.bergl2019.eu\/cs\/wp-json\/wp\/v2\/pages\/318"}],"wp:attachment":[{"href":"https:\/\/www.bergl2019.eu\/cs\/wp-json\/wp\/v2\/media?parent=721"}],"curies":[{"name":"wp","href":"https:\/\/api.w.org\/{rel}","templated":true}]}}