{"id":653,"date":"2019-04-06T17:03:49","date_gmt":"2019-04-06T15:03:49","guid":{"rendered":"https:\/\/www.bergl2019.eu\/?page_id=653"},"modified":"2019-04-06T21:26:14","modified_gmt":"2019-04-06T19:26:14","slug":"benediktinerstift-seitenstetten-der-vierkanter-gottes","status":"publish","type":"page","link":"https:\/\/www.bergl2019.eu\/cs\/orte-des-schaffens\/benediktinerstift-seitenstetten-der-vierkanter-gottes\/","title":{"rendered":"Seitenstetten, Benediktinerstift Seitenstetten, Mineralienkabinett"},"content":{"rendered":"\n<figure class=\"wp-block-image\"><img loading=\"lazy\" width=\"1024\" height=\"681\" src=\"https:\/\/www.bergl2019.eu\/wp-content\/uploads\/2019\/03\/Seitenstetten_Mineralien-1024x681.jpg\" alt=\"Mit freundlicher Genehmigung Stift Seitenstetten\" class=\"wp-image-100\" srcset=\"https:\/\/www.bergl2019.eu\/wp-content\/uploads\/2019\/03\/Seitenstetten_Mineralien-1024x681.jpg 1024w, https:\/\/www.bergl2019.eu\/wp-content\/uploads\/2019\/03\/Seitenstetten_Mineralien-300x200.jpg 300w, https:\/\/www.bergl2019.eu\/wp-content\/uploads\/2019\/03\/Seitenstetten_Mineralien-768x511.jpg 768w, https:\/\/www.bergl2019.eu\/wp-content\/uploads\/2019\/03\/Seitenstetten_Mineralien.jpg 1252w\" sizes=\"(max-width: 767px) 89vw, (max-width: 1000px) 54vw, (max-width: 1071px) 543px, 580px\" \/><figcaption>Mineralienkabinett \u00a9 Stift Seitenstetten<\/figcaption><\/figure>\n\n\n\n<p>Das\natemberaubende Ensemble des Stiftes Seitenstetten mit seiner barocken Kirche\nund seiner Kunstsammlung, sowie der Historische Hofgarten locken die G\u00e4ste von\nNah und Fern. <\/p>\n\n\n\n<p>Ein besonderes Schmuckst\u00fcck ist das <strong>\u201eMineralienkabinett\u201c<\/strong> im naturwissenschaftlichen Trakt des Stiftes. Die\nweltweit einzigartige Rokokoeinrichtung wurde 1776 von P. Josef Schaukegl\ngeplant und vom Seitenstettner Hoftischler Anton Paumgartner aus Nussholz errichtet\nund mit mundgeblasenen Glas-Vitrinen ausgestattet.<\/p>\n\n\n\n<p>Die umfangreiche Sammlung exklusiver Mineralien, Edelsteine und\nKonchylien aus aller Welt wird begleitet von einer originellen Deckenmalerei\nvom <strong>Wiener Maler Johann Bergl<\/strong>. <strong>Vor genau 250 Jahren, 1769<\/strong>, schuf\ndieser das dekorative Deckenfresko, in dessen Zentrum sich der Sonnengott als\nKnabe mit Zepter und Diadem befindet, darunter h\u00e4lt der Mond seine bleiche\nSichel empor. <br>\nInsgesamt findet man sieben r\u00f6mische Planeteng\u00f6tter, alle als putzige Putti\ndargestellt. Das gesamte Gem\u00e4lde besticht durch seine Leichtigkeit und\nHeiterkeit und unterst\u00fctz damit den unvergleichlichen Anblick des\nMineralienkabinetts.<\/p>\n","protected":false},"excerpt":{"rendered":"<p>Das atemberaubende Ensemble des Stiftes Seitenstetten mit seiner barocken Kirche und seiner Kunstsammlung, sowie der Historische Hofgarten locken die G\u00e4ste von Nah und Fern. Ein besonderes Schmuckst\u00fcck ist das \u201eMineralienkabinett\u201c im naturwissenschaftlichen Trakt des Stiftes. Die weltweit einzigartige Rokokoeinrichtung wurde 1776 von P. Josef Schaukegl geplant und vom Seitenstettner Hoftischler Anton Paumgartner aus Nussholz errichtet &hellip; <\/p>\n<p class=\"link-more\"><a href=\"https:\/\/www.bergl2019.eu\/cs\/orte-des-schaffens\/benediktinerstift-seitenstetten-der-vierkanter-gottes\/\" class=\"more-link\">Pokra\u010dovat ve \u010dten\u00ed<span class=\"screen-reader-text\"> &#8222;Seitenstetten, Benediktinerstift Seitenstetten, Mineralienkabinett&#8220;<\/span><\/a><\/p>\n","protected":false},"author":2,"featured_media":0,"parent":318,"menu_order":0,"comment_status":"closed","ping_status":"closed","template":"","meta":[],"_links":{"self":[{"href":"https:\/\/www.bergl2019.eu\/cs\/wp-json\/wp\/v2\/pages\/653"}],"collection":[{"href":"https:\/\/www.bergl2019.eu\/cs\/wp-json\/wp\/v2\/pages"}],"about":[{"href":"https:\/\/www.bergl2019.eu\/cs\/wp-json\/wp\/v2\/types\/page"}],"author":[{"embeddable":true,"href":"https:\/\/www.bergl2019.eu\/cs\/wp-json\/wp\/v2\/users\/2"}],"replies":[{"embeddable":true,"href":"https:\/\/www.bergl2019.eu\/cs\/wp-json\/wp\/v2\/comments?post=653"}],"version-history":[{"count":4,"href":"https:\/\/www.bergl2019.eu\/cs\/wp-json\/wp\/v2\/pages\/653\/revisions"}],"predecessor-version":[{"id":719,"href":"https:\/\/www.bergl2019.eu\/cs\/wp-json\/wp\/v2\/pages\/653\/revisions\/719"}],"up":[{"embeddable":true,"href":"https:\/\/www.bergl2019.eu\/cs\/wp-json\/wp\/v2\/pages\/318"}],"wp:attachment":[{"href":"https:\/\/www.bergl2019.eu\/cs\/wp-json\/wp\/v2\/media?parent=653"}],"curies":[{"name":"wp","href":"https:\/\/api.w.org\/{rel}","templated":true}]}}