{"id":615,"date":"2019-04-02T13:38:37","date_gmt":"2019-04-02T11:38:37","guid":{"rendered":"https:\/\/www.bergl2019.eu\/?page_id=615"},"modified":"2019-04-06T15:53:22","modified_gmt":"2019-04-06T13:53:22","slug":"garsten-ehemalige-stiftskirche-pfarrkirche","status":"publish","type":"page","link":"https:\/\/www.bergl2019.eu\/cs\/orte-des-schaffens\/garsten-ehemalige-stiftskirche-pfarrkirche\/","title":{"rendered":"Garsten, ehemalige Stiftskirche\/Pfarrkirche"},"content":{"rendered":"\n<p>Im Auftrag von Abt Maurus Gordon (reg.\n1764-1786) schuf Johann Wenzel Bergl in den Jahren 1777\/78 Kulissenmalereien,\nein \u201eHeiliges Grab\u201c, f\u00fcr das Benediktinerstift Garsten. Die einzelnen\nKulissenelemte sind ca. 8 m hoch und bis zu ca. 7 m breit. Die gemalten\nKulissenarchitekturen nehmen Bezug auf die Ausstattung und Architektur der\nLosensteinerkapelle, ihres Aufstellungsortes. Die Dekoration der Kapelle findet\nin den Kulissen ihre Fortsetzung. Bemerkenswert ist, dass diese grandiosen Kulissenarchitekturen\nheute erhalten sind. Nach 8-j\u00e4hrigen Restaurierungsarbeiten wurde Bergls Werk\nheuer in der Fastenzeit &#8211; vollst\u00e4ndig restauriert &#8211; wieder aufgestellt. Das \u201eHeilige\nGrab\u201c kann im Jahr 2019 von 11. M\u00e4rz bis 26. April nach den Gottesdiensten oder\nnach Anmeldung im Pfarrb\u00fcro (Tel: 07252\/54196) in der ehemaligen Kirche von\nStift Garsten, der heutigen Pfarrkirche Garsten, besichtigt werden.<\/p>\n","protected":false},"excerpt":{"rendered":"<p>Im Auftrag von Abt Maurus Gordon (reg. 1764-1786) schuf Johann Wenzel Bergl in den Jahren 1777\/78 Kulissenmalereien, ein \u201eHeiliges Grab\u201c, f\u00fcr das Benediktinerstift Garsten. Die einzelnen Kulissenelemte sind ca. 8 m hoch und bis zu ca. 7 m breit. Die gemalten Kulissenarchitekturen nehmen Bezug auf die Ausstattung und Architektur der Losensteinerkapelle, ihres Aufstellungsortes. Die Dekoration &hellip; <\/p>\n<p class=\"link-more\"><a href=\"https:\/\/www.bergl2019.eu\/cs\/orte-des-schaffens\/garsten-ehemalige-stiftskirche-pfarrkirche\/\" class=\"more-link\">Pokra\u010dovat ve \u010dten\u00ed<span class=\"screen-reader-text\"> &#8222;Garsten, ehemalige Stiftskirche\/Pfarrkirche&#8220;<\/span><\/a><\/p>\n","protected":false},"author":2,"featured_media":86,"parent":318,"menu_order":0,"comment_status":"closed","ping_status":"closed","template":"","meta":[],"_links":{"self":[{"href":"https:\/\/www.bergl2019.eu\/cs\/wp-json\/wp\/v2\/pages\/615"}],"collection":[{"href":"https:\/\/www.bergl2019.eu\/cs\/wp-json\/wp\/v2\/pages"}],"about":[{"href":"https:\/\/www.bergl2019.eu\/cs\/wp-json\/wp\/v2\/types\/page"}],"author":[{"embeddable":true,"href":"https:\/\/www.bergl2019.eu\/cs\/wp-json\/wp\/v2\/users\/2"}],"replies":[{"embeddable":true,"href":"https:\/\/www.bergl2019.eu\/cs\/wp-json\/wp\/v2\/comments?post=615"}],"version-history":[{"count":7,"href":"https:\/\/www.bergl2019.eu\/cs\/wp-json\/wp\/v2\/pages\/615\/revisions"}],"predecessor-version":[{"id":646,"href":"https:\/\/www.bergl2019.eu\/cs\/wp-json\/wp\/v2\/pages\/615\/revisions\/646"}],"up":[{"embeddable":true,"href":"https:\/\/www.bergl2019.eu\/cs\/wp-json\/wp\/v2\/pages\/318"}],"wp:featuredmedia":[{"embeddable":true,"href":"https:\/\/www.bergl2019.eu\/cs\/wp-json\/wp\/v2\/media\/86"}],"wp:attachment":[{"href":"https:\/\/www.bergl2019.eu\/cs\/wp-json\/wp\/v2\/media?parent=615"}],"curies":[{"name":"wp","href":"https:\/\/api.w.org\/{rel}","templated":true}]}}