{"id":599,"date":"2019-04-02T13:26:40","date_gmt":"2019-04-02T11:26:40","guid":{"rendered":"https:\/\/www.bergl2019.eu\/?page_id=599"},"modified":"2019-04-11T13:29:30","modified_gmt":"2019-04-11T11:29:30","slug":"biografische-eckdaten","status":"publish","type":"page","link":"https:\/\/www.bergl2019.eu\/cs\/biographie\/biografische-eckdaten\/","title":{"rendered":"Biografische Eckdaten"},"content":{"rendered":"\n<p>23.09.1719 geboren in Dv\u016fr Kr\u00e1lov\u00e9 nad Labem\/K\u00f6niginhof an\nder Elbe<\/p>\n\n\n\n<p>Um 1745 Stift Altenburg, Chinoiserien<\/p>\n\n\n\n<p>20.10.1749 als Maler der Wiener Akademie\ngef\u00fchrt<\/p>\n\n\n\n<p>Um 1750? Wien, Pfarrkirche St. Ulrich, Himmelfahrt des Hl. Nepomuk (Zuschreibung unsicher)<\/p>\n\n\n\n<p>1751 Wien, Wettbewerb Akademie, zweiter Preis, <em>Opferung der Tochter Jephte<\/em> (in Kopie \u00fcberliefert)<\/p>\n\n\n\n<p>1752 N\u00fcrnberg, Wettbewerb Akademie, erster Preis, <em>Hiob auf dem Misthaufen<\/em><\/p>\n\n\n\n<p>Um 1752 Klosterneuburg, <em>Kreuzigung<\/em> (nach Luyx)<\/p>\n\n\n\n<p>Um 1757 Dv\u016fr Kr\u00e1lov\u00e9\/K\u00f6niginhof, Pfarrkirche Hl. Johannes T\u00e4ufer, Kreuzweg<\/p>\n\n\n\n<p>1757* Wien Landstra\u00dfe, Elisabethinenkirche, Orgelempore (die Bilder <em>Hl. Franz von Assisi <\/em>und <em>Hl. Elisabeth<\/em>)<\/p>\n\n\n\n<p>1757 oder 1758, S\u00fcmeg, Pfarrkirche, Zusammenarbeit mit Maulbertsch beim Gem\u00e4lde im Presbyterium<\/p>\n\n\n\n<p>1759* Orlice, Kirche Himmelfahrt Mariae, Kreuzweg (Peter Otto 1760\/61)<\/p>\n\n\n\n<p>1758\/59** Klein-Mariazell, ehemalige\nKlosterkirche, Fresken und Alt\u00e4re (Peter Otto 1763)<\/p>\n\n\n\n<p>1760 Mistelbach, Barnabitenkloster, Bibliothek, Fresken gemeinsam mit Maulbertsch<\/p>\n\n\n\n<p>Um 1760 Holics, Pfarrkirche Hl. Martin (ehemalige Kapuzinerkirche Hl. Theresia), Altarbild <em>Apotheose des Hl. Martin<\/em> (urspr\u00fcnglich, bis 1786, in der alten Pfarrkirche Hl. Martin)<\/p>\n\n\n\n<p>Um 1760 Borohr\u00e1dek\/Heideburg, Pfarrkirche Hl. Erzengel Michael, Altarbild <em>Hl. Johannes von Nepomuk mit G\u00f6nnern des b\u00f6hmischen Land<\/em><\/p>\n\n\n\n<p>Etwa 1760-1775  Dv\u016fr  Kr\u00e1lov\u00e9\/K\u00f6niginhof, Pfarrkirche Hl. Johannes der T\u00e4ufer und Kirche Erh\u00f6hung vom Hl. Kreuz, Altarbilder &#8211; heute im Stadtmuseum K\u00f6niginhof (<em>Hl. Johannes von Nepomuk verteilt Almosen<\/em>), Pfarramt K\u00f6niginhof (<em>Tod des Hl. Franz Xaver<\/em>), Nationalgalerie Prag (<em>Vierzehn Nothelfer, Hl. Ignatius von Loyola<\/em>), Privatsammlung (<em>Unterweisung Mariens<\/em>)<\/p>\n\n\n\n<p>1762\/63 Ober-St. Veit, Erzbisch\u00f6fliches\nPalais, vier Kontinente und exotische Landschaften<\/p>\n\n\n\n<p><em>1763* Opo\u010dno, <\/em>Kapuzinerkirche Geburt Christi, Kreuzweg und Altarbild <em>Jungfrau Maria von Altwilmsdorf<\/em> (Peter Otto 1762)<\/p>\n\n\n\n<p>Um 1763 Ruppersthal, Pfarrkirche Hl. \u00c4gydius, Altarbild <em>Tod des Hl. Josef<\/em><\/p>\n\n\n\n<p>Um 1763 Laxenburg, Gr\u00fcnnehaus, Fresken und Architekturmalerei<\/p>\n\n\n\n<p>1763\/64 Melk, Stift Melk, Gartenpavillon,\nexotische Landschaften<\/p>\n\n\n\n<p>1764 Melk, Stift Melk, G\u00e4stezimmer<\/p>\n\n\n\n<p>1765 Wiener Neustadt, Neukloster,\nRefektorium<\/p>\n\n\n\n<p>Um 1765 Klosterbruck\/Kloster Louka, (ehemaliges) Pr\u00e4monstratenserkloster, die Bilder <em>Hl. Norbertus<\/em>, <em>Hl. Augustinus<\/em>, <em>Hl. Ambrosius<\/em><\/p>\n\n\n\n<p>1766 Wien, Hofburg Amalientrakt, Elisabeth-Appartement,\nexotische Landschaften<\/p>\n\n\n\n<p>1766 Wien, Schottenstift, Bibliothek (nicht\nerhalten)<\/p>\n\n\n\n<p>1766\/67 Pielach, Sommerschloss Pielach, exotische Landschaften und religi\u00f6se Szenen<\/p>\n\n\n\n<p>1767 Sch\u00f6nb\u00fchel, (ehemaliges)\nServitenkloster Sch\u00f6nb\u00fchel, Peregrinuskapelle<\/p>\n\n\n\n<p>1767 Melk, Stift Melk, Obere Bibliotheksr\u00e4ume, obere G\u00e4stezimmer und Theater<\/p>\n\n\n\n<p>1767 Wiener Neustadt, Neukloster,\nBibliothek<\/p>\n\n\n\n<p>1767 S\u00e4usenstein, Pfarrkirche Hl. Donatus<\/p>\n\n\n\n<p>1769 Seitenstetten, Stift Seitenstetten, Mineralienkabinett<\/p>\n\n\n\n<p>Um 1770 Schloss Sch\u00f6nbrunn, Sommerappartement\nMaria Theresia\/Go\u00ebss-Appartement <\/p>\n\n\n\n<p>Um 1770 Maria Enzersdorf, Schlosskapelle, Deckenbild <em>Der Sieg Maria<\/em><\/p>\n\n\n\n<p>1770 Maria Dreieichen, Wallfahrtskirche, Fresken und Altarbild <\/p>\n\n\n\n<p>1771 Bergls Aufnahmewerk (Thema der Kreuzigung Christi)\nzum \u201ewirklichen Mitglied\u201c an der Wiener Akademie wurde von der Jury abgelehnt<\/p>\n\n\n\n<p>1772 Baden, Mariazellerhof, C\u00e4cilienkapelle<\/p>\n\n\n\n<p>1772 Schloss Sch\u00f6nbrunn, nicht erhaltene\nZimmerausstattung<\/p>\n\n\n\n<p>1772\/73 Wien, Melkerhof, Kapelle und Sala\nTerrena<\/p>\n\n\n\n<p>1773 Donaudorf, Schloss Donaudorf, Fresken der Erdteilallegorien &#8211; um 1960 Transfer nach Hadersdorf, Schloss Laudon <\/p>\n\n\n\n<p>1773 Wien, (ehemaliges) Augustinerkloster,\nBibliothek\/Augustinerlesesaal Nationalbibliothek<\/p>\n\n\n\n<p>1773\/74 Schloss Sch\u00f6nbrunn, Appartement\nErzherzog Maximilian Franz\/Gisela-Appartement<\/p>\n\n\n\n<p>1774 Schloss Sch\u00f6nbrunn, Erzherzogin Maria Elisabeth\nAppartement\/Rudolf-Appartement<\/p>\n\n\n\n<p>Nach 1774 Thenneberg \u2013 Dornau, Wallfahrtskirche, Fresken in Presbyterium \u2013 \u00dcbermalung des alteren Fresken (nicht erhalten)<\/p>\n\n\n\n<p>1775 Laxenburg, Schloss Laxenburg, Zimmer\nnach \u201eamericanischer Art\u201c (nicht erhalten)<\/p>\n\n\n\n<p>1775 Fels\u00f6-Elefant\/Horn\u00e9 Lefantovce, ehemaliges Paulinerkloster, Kirche Hl. Johannes der T\u00e4ufer, Fresken mit Themen aus der Lebensgeschichte Johannes des T\u00e4ufers<\/p>\n\n\n\n<p>1775 Maria Csal\u00e1d\/Mari\u00e1nska \u010cela\u010f, ehemaliges Paulinerkloster, Fresken in der Kirche und Refektorium (nicht erhalten)<\/p>\n\n\n\n<p>1776 Budapest, ehemalige Kirche der Pauliner\/Universit\u00e4tskirche, Fresken und Altarbilder<\/p>\n\n\n\n<p>1777\/78 Garsten, (ehemalige) Stiftskirche,\nLosensteinerkapelle, Heiliges Grab<\/p>\n\n\n\n<p>1778 Klosterbruck\/Kloster Louka,\n(ehemaliges) Pr\u00e4monstratenserkloster, Fresken (nicht erhalten)<\/p>\n\n\n\n<p>1779 Schloss Laxenburg, Malereien f\u00fcrs das Obere\nHofgartengeb\u00e4ude (nicht erhalten)<\/p>\n\n\n\n<p>1781 Melk, Stift Melk, Garten-\/Festungsmauer,\nSchimmelturm, Bibliotheksnischen und Giebelfeld Kammertrakt<\/p>\n\n\n\n<p>1782 Melk, Stift Melk, Pr\u00e4laturkapelle und\nG\u00e4stezimmer <\/p>\n\n\n\n<p>1785 Alberndorf, Pfarrkirche Hl. Laurentius, Altarbild <em>Hl. Laurentius<\/em> (nicht erhalten)<\/p>\n\n\n\n<p>1785 Untermarkersdorf, Kirche, im Presbyterium Altarfresko mit dem Gem\u00e4lde <em>Himmelfahrt Mariae<\/em><\/p>\n\n\n\n<p>1786 Melk, Stift Melk, Prioratszimmer\n(nicht erhalten)<\/p>\n\n\n\n<p>15.01.1789 verstorben in Wien<\/p>\n\n\n\n<p><em>Zuschreibung nach Peter Otto, Johann Bergl 1718 \u2013 1789, Diss. (unpubl.), Universit\u00e4t Wien 1964.<\/em><\/p>\n\n\n\n<p><em>* Zuschreibung nach Petr Arij\u010duk,Nezn\u00e1m\u00e1 d\u00edla Johanna Wenzela Bergla ve v\u00fdchodn\u00edch \u010cech\u00e1ch\/Unbekannte Werke des Johann Wenzel Bergl in Ostb\u00f6hmen, in: <\/em><a><em>Opuscula Historiae Artium, <\/em><\/a><em>Studia Minora Facultatis Philosophicae Universitatis Brunensis, 44, 2000, S. 23-40.<\/em><\/p>\n\n\n\n<p><em>** Zuschreibung nach Monika Dachs, Franz Anton Maulbertsch und sein Kreis: Studien zur Wiener Malerei in der zweiten H\u00e4lfte des 18. Jahrhunderts, Bd 3, Habil. (unpubl.), Universit\u00e4t Wien 2003.<\/em><\/p>\n\n\n\n<figure class=\"wp-block-image\"><img loading=\"lazy\" width=\"5757\" height=\"4383\" src=\"https:\/\/www.bergl2019.eu\/wp-content\/uploads\/2019\/03\/CZEC0004D_Matriky-Church-books-Trutnov-35-4-1693-1730_00121.jpg\" alt=\"\" class=\"wp-image-287\" srcset=\"https:\/\/www.bergl2019.eu\/wp-content\/uploads\/2019\/03\/CZEC0004D_Matriky-Church-books-Trutnov-35-4-1693-1730_00121.jpg 5757w, https:\/\/www.bergl2019.eu\/wp-content\/uploads\/2019\/03\/CZEC0004D_Matriky-Church-books-Trutnov-35-4-1693-1730_00121-300x228.jpg 300w, https:\/\/www.bergl2019.eu\/wp-content\/uploads\/2019\/03\/CZEC0004D_Matriky-Church-books-Trutnov-35-4-1693-1730_00121-768x585.jpg 768w, https:\/\/www.bergl2019.eu\/wp-content\/uploads\/2019\/03\/CZEC0004D_Matriky-Church-books-Trutnov-35-4-1693-1730_00121-1024x780.jpg 1024w\" sizes=\"(max-width: 767px) 89vw, (max-width: 1000px) 54vw, (max-width: 1071px) 543px, 580px\" \/><figcaption>Kirchenbuch von Trutnov<\/figcaption><\/figure>\n","protected":false},"excerpt":{"rendered":"<p>23.09.1719 geboren in Dv\u016fr Kr\u00e1lov\u00e9 nad Labem\/K\u00f6niginhof an der Elbe Um 1745 Stift Altenburg, Chinoiserien 20.10.1749 als Maler der Wiener Akademie gef\u00fchrt Um 1750? Wien, Pfarrkirche St. Ulrich, Himmelfahrt des Hl. Nepomuk (Zuschreibung unsicher) 1751 Wien, Wettbewerb Akademie, zweiter Preis, Opferung der Tochter Jephte (in Kopie \u00fcberliefert) 1752 N\u00fcrnberg, Wettbewerb Akademie, erster Preis, Hiob auf &hellip; <\/p>\n<p class=\"link-more\"><a href=\"https:\/\/www.bergl2019.eu\/cs\/biographie\/biografische-eckdaten\/\" class=\"more-link\">Pokra\u010dovat ve \u010dten\u00ed<span class=\"screen-reader-text\"> &#8222;Biografische Eckdaten&#8220;<\/span><\/a><\/p>\n","protected":false},"author":2,"featured_media":290,"parent":419,"menu_order":0,"comment_status":"closed","ping_status":"closed","template":"","meta":[],"_links":{"self":[{"href":"https:\/\/www.bergl2019.eu\/cs\/wp-json\/wp\/v2\/pages\/599"}],"collection":[{"href":"https:\/\/www.bergl2019.eu\/cs\/wp-json\/wp\/v2\/pages"}],"about":[{"href":"https:\/\/www.bergl2019.eu\/cs\/wp-json\/wp\/v2\/types\/page"}],"author":[{"embeddable":true,"href":"https:\/\/www.bergl2019.eu\/cs\/wp-json\/wp\/v2\/users\/2"}],"replies":[{"embeddable":true,"href":"https:\/\/www.bergl2019.eu\/cs\/wp-json\/wp\/v2\/comments?post=599"}],"version-history":[{"count":7,"href":"https:\/\/www.bergl2019.eu\/cs\/wp-json\/wp\/v2\/pages\/599\/revisions"}],"predecessor-version":[{"id":782,"href":"https:\/\/www.bergl2019.eu\/cs\/wp-json\/wp\/v2\/pages\/599\/revisions\/782"}],"up":[{"embeddable":true,"href":"https:\/\/www.bergl2019.eu\/cs\/wp-json\/wp\/v2\/pages\/419"}],"wp:featuredmedia":[{"embeddable":true,"href":"https:\/\/www.bergl2019.eu\/cs\/wp-json\/wp\/v2\/media\/290"}],"wp:attachment":[{"href":"https:\/\/www.bergl2019.eu\/cs\/wp-json\/wp\/v2\/media?parent=599"}],"curies":[{"name":"wp","href":"https:\/\/api.w.org\/{rel}","templated":true}]}}