{"id":594,"date":"2019-04-02T13:21:27","date_gmt":"2019-04-02T11:21:27","guid":{"rendered":"https:\/\/www.bergl2019.eu\/?page_id=594"},"modified":"2019-07-08T17:21:43","modified_gmt":"2019-07-08T15:21:43","slug":"literatur","status":"publish","type":"page","link":"https:\/\/www.bergl2019.eu\/cs\/biographie\/literatur\/","title":{"rendered":"Literatur"},"content":{"rendered":"\n<p>Petr\nArij\u010duk, K zak\u00e1zk\u00e1m Johanna Wenzela Bergla pro rodn\u00fd Dv\u016fr Kr\u00e1lov\u00e9 nad Labem\/The\nCommissions Johann Wenzel Bergl Received in His Birthplace Dv\u016fr Kr\u00e1lov\u00e9 nad\nLabem, in: Opuscula Historiae Artium, 62, 2013, S. 168-179.<\/p>\n\n\n\n<p>Petr\nArij\u010duk, Johann Wenzel Bergl und die Kreuzwegbilder aus der Kirche in Dyje, in:\nZora W\u00f6rg\u00f6tter \/ Ji\u0159\u00ed Kroupa (Hg.), Die Kirche des Gegei\u00dfelten Heilands in\nDyje, Br\u00fcnn 2005, S. 119-128. <\/p>\n\n\n\n<p>Petr\nArij\u010duk,Nezn\u00e1m\u00e1 d\u00edla Johanna Wenzela\nBergla ve v\u00fdchodn\u00edch \u010cech\u00e1ch\/Unbekannte Werke des Johann Wenzel Bergl in\nOstb\u00f6hmen, in: Opuscula Historiae Artium, Studia Minora Facultatis\nPhilosophicae Universitatis Brunensis, 44, 2000, S. 23-40.<\/p>\n\n\n\n<p>Barbora Bal\u00e1\u017eov\u00e1 \/ Jozef Medveck\u00fd, Johann Baptist Wenzel\nBergl. Malby klenieb niekdaj\u0161ieho pavl\u00ednskeho kl\u00e1\u0161torn\u00e9ho Kostola sv. J\u00e1na\nKrstitela, 1775, Horn\u00e9 Lefantovce, in: Medzi zemou a nebom. Majstri barokovej\nfresky na Slovensku, Bratislava 2009, S. 128-133.<\/p>\n\n\n\n<p>Monika\nDachs, Franz Anton Maulbertsch und sein Kreis: Studien zur Wiener Malerei in\nder zweiten H\u00e4lfte des 18. Jahrhunderts, 3 Bde, Habil. (unpubl.), Universit\u00e4t\nWien 2003.<\/p>\n\n\n\n<p>Monika\nDachs, Neue \u00dcberlegungen zum sogenannten \u201eSelbstportr\u00e4t\u201c des Franz Anton\nMaulbertsch, in: Barockberichte, 16\/17, 1998, S. 44-53.<\/p>\n\n\n\n<p>Monika\nDachs-Nickel, Sakrale Inszenierung im Sp\u00e4tbarock: Johann Wenzel Bergls Heiliges\nGrab in der ehemaligen Stiftskirche von Garsten, in: Barockberichte, 51\/52,\n2009, S. 437-445.<\/p>\n\n\n\n<p>Burkhard\nEllegast, Johann Bergl und das Stift Melk \u2013 eine archivalische Analyse, in:\nStift Melk. Geschichte und Gegenwart, Stift Melk 1980, S. 66-82.<\/p>\n\n\n\n<p>Gyula Fleischer, Johann Bergl a\nBudapesti egyetemi templom mennyezetk\u00e9pfest\u00f6je irta, P\u00e1pa 1931.<\/p>\n\n\n\n<p>Andreas Gamerith, \u00d6sterreichischer Barock. Die Sammlung\nMonsignore Sammer, Salzburg 2008, S. 48\u201349, Kat. Nr. 21.<\/p>\n\n\n\n<p>Klara Garas, Barockbeitr\u00e4ge zu den Werken von Johann\nWenzel Bergl, Franz Anton Palko und Anton Kern, in: V\u00edt Vlnas \/ Tom\u00e1\u0161 Sekyrka\n(Hg.), Ars baculum vitae. Sbon\u00edk studi\u00ed z&nbsp;d\u011bjin um\u011bn\u00ed a kultury.\nK&nbsp;70. narozenin\u00e1m Prof. Pavla Preisse, Praha 1996, S. 243-249.<\/p>\n\n\n\n<p>Klara Garas, Les dessins de Johann Bergl en Hongrie, in:\nBulletin du Mus\u00e9e national hongrois des Beaux-Arts 12, 1958, S. 54-62.<\/p>\n\n\n\n<p>Gerlinde\nKlatte, Produktive Rezeption der Nouvelles Indes. Johann Wenzel Bergl und seine\nFresken in Ober St. Veit, Melk und Wien, in: Gerlinde Klatte\/Helga Pr\u00fcssmann-Zemper\/Katharina\nSchmidt-Loske (Hg.), Exotismus und Globalisierung, Brasilien auf Wandteppichen:\ndie Tenture des Indes, Berlin\/M\u00fcnchen 2016, S. 239-249.<\/p>\n\n\n\n<p>Peter\nK\u00f6nig, Schloss Pielach und seine Fresken von Johann Bergl, in: \u00d6sterreichische\nZeitschrift f\u00fcr Kunst und Denkmalpflege, Wien 1975, S. 123-132. <\/p>\n\n\n\n<p>Peter Otto,\nJohann Bergl 1718 \u2013 1789, Diss. (unpubl.), Universit\u00e4t Wien 1964.<\/p>\n\n\n\n<p>Anna Petrov\u00e1-Pleskotov\u00e1, Ein\nunbekanntes Altarbild von J. W. Bergl in Holi\u010d, in: Acta Historiae Artium XXXIV,\n1989, S. 177-181.<\/p>\n\n\n\n<p>Emanuel Poche Emanuel Poche, Berglova\nk\u0159\u00ed\u017eov\u00e1 cesta v&nbsp;Opo\u010dn\u011b, in: Ro\u010denka kruhu pro p\u011bstov\u00e1n\u00ed d\u011bjin um\u011bn\u00ed za rok\n1934, Praha 1935, S. 153-156.<\/p>\n\n\n\n<p>Emanuel Poche, Nov\u00e9 poznatky\nk&nbsp;pr\u00e1ci v\u00edde\u0148sk\u00e9ho mal\u00ed\u0159e Jana Bergla, in: Ro\u010denka kruhu pro p\u011bstov\u00e1n\u00ed\nd\u011bjin um\u011bn\u00ed za rok 1933, Praha 1934, S. 24-34.<\/p>\n\n\n\n<p>Pavel Preiss, Pod\nMinervin\u00fdm \u0161t\u00edtem. Kapitoly o rakousk\u00e9m um\u011bn\u00ed ve stolet\u00ed osv\u00edcenstv\u00ed a jeho\nvztahu ke Kr\u00e1lovstv\u00ed \u010desk\u00e9mu, Praha 2007, S. 110-120, 210-212.<\/p>\n\n\n\n<p>Pavel Preiss, \u00d6sterreichische\nBarockmaler aus der Nationalgalerie in Prag, Wien\n1977, S. 24-30.<\/p>\n\n\n\n<p>Elisabeth\nScherzer, Johann Bergl im Benediktiner Stift Melk, Dipl. (unpubl.), Universit\u00e4t\nWien 2010.<\/p>\n\n\n\n<p>Antje Senarclens de Grancy, Illusionistisch gemalte exotische Landschaftsr\u00e4ume des sp\u00e4ten 18. Jahrhunders in \u00d6sterreich, in: \u00d6sterreichische Zeitschrift f\u00fcr Kunst und Denkmalpflege 44, Wien 1990, 3\u20134, S. 141-151.<\/p>\n\n\n\n<p>Lubom\u00edr Slav\u00ed\u010dek, Dodatky k&nbsp;d\u00edlu\nJohanna Wenzela Bergla, in: Bulletin Moravsk\u00e9 galerie v&nbsp;Brn\u011b 51, 1995, S.\n72-75.<\/p>\n\n\n\n<p>Lubom\u00edr Slav\u00ed\u010dek,\nJohann Wenzel Bergl as a Painter of\nAltarpieces and Easel Paintings: A Reappraisal Based on New Findings, in: Bulletin\nof the National Gallery in Prague 1, 1991, S. 60-71.<\/p>\n\n\n\n<p>Lubom\u00edr Slav\u00ed\u010dek, Na\nokraj v\u00fdstavy rakousk\u00e9ho barokn\u00edho um\u011bn\u00ed v&nbsp;N\u00e1rodn\u00ed galerii, in: Um\u011bn\u00ed\nXXVII, 1979, S. 545-555.<\/p>\n\n\n\n<p>Milo\u0161\nStehl\u00edk, Materi\u00e1lie k&nbsp;d\u011bjin\u00e1m mal\u00ed\u0159stv\u00ed 18. stolet\u00ed na Morav\u011b, in: Sborn\u00edk\nprac\u00ed filozofick\u00e9 fakulty brn\u011bnsk\u00e9 univerzity F 16, 1972, S. 201-202.<\/p>\n\n\n\n<p>Arpad Weixlg\u00e4rtner, Johann Bergl, in: Jahrbuch der k. k.\nZentral-Kommission f\u00fcr Erforschung und Erhaltung der Kunst und Historischen\nDenkmale N. F. I, 1903, S. 331- 394.<\/p>\n","protected":false},"excerpt":{"rendered":"<p>Petr Arij\u010duk, K zak\u00e1zk\u00e1m Johanna Wenzela Bergla pro rodn\u00fd Dv\u016fr Kr\u00e1lov\u00e9 nad Labem\/The Commissions Johann Wenzel Bergl Received in His Birthplace Dv\u016fr Kr\u00e1lov\u00e9 nad Labem, in: Opuscula Historiae Artium, 62, 2013, S. 168-179. Petr Arij\u010duk, Johann Wenzel Bergl und die Kreuzwegbilder aus der Kirche in Dyje, in: Zora W\u00f6rg\u00f6tter \/ Ji\u0159\u00ed Kroupa (Hg.), Die Kirche &hellip; <\/p>\n<p class=\"link-more\"><a href=\"https:\/\/www.bergl2019.eu\/cs\/biographie\/literatur\/\" class=\"more-link\">Pokra\u010dovat ve \u010dten\u00ed<span class=\"screen-reader-text\"> &#8222;Literatur&#8220;<\/span><\/a><\/p>\n","protected":false},"author":2,"featured_media":0,"parent":419,"menu_order":0,"comment_status":"closed","ping_status":"closed","template":"","meta":[],"_links":{"self":[{"href":"https:\/\/www.bergl2019.eu\/cs\/wp-json\/wp\/v2\/pages\/594"}],"collection":[{"href":"https:\/\/www.bergl2019.eu\/cs\/wp-json\/wp\/v2\/pages"}],"about":[{"href":"https:\/\/www.bergl2019.eu\/cs\/wp-json\/wp\/v2\/types\/page"}],"author":[{"embeddable":true,"href":"https:\/\/www.bergl2019.eu\/cs\/wp-json\/wp\/v2\/users\/2"}],"replies":[{"embeddable":true,"href":"https:\/\/www.bergl2019.eu\/cs\/wp-json\/wp\/v2\/comments?post=594"}],"version-history":[{"count":4,"href":"https:\/\/www.bergl2019.eu\/cs\/wp-json\/wp\/v2\/pages\/594\/revisions"}],"predecessor-version":[{"id":1115,"href":"https:\/\/www.bergl2019.eu\/cs\/wp-json\/wp\/v2\/pages\/594\/revisions\/1115"}],"up":[{"embeddable":true,"href":"https:\/\/www.bergl2019.eu\/cs\/wp-json\/wp\/v2\/pages\/419"}],"wp:attachment":[{"href":"https:\/\/www.bergl2019.eu\/cs\/wp-json\/wp\/v2\/media?parent=594"}],"curies":[{"name":"wp","href":"https:\/\/api.w.org\/{rel}","templated":true}]}}