{"id":537,"date":"2019-03-27T12:52:28","date_gmt":"2019-03-27T11:52:28","guid":{"rendered":"https:\/\/www.bergl2019.eu\/?page_id=537"},"modified":"2019-04-06T16:01:49","modified_gmt":"2019-04-06T14:01:49","slug":"thenneberg-dornau-wallfahrtskirche","status":"publish","type":"page","link":"https:\/\/www.bergl2019.eu\/cs\/orte-des-schaffens\/thenneberg-dornau-wallfahrtskirche\/","title":{"rendered":"Thenneberg &#8211; Dornau, Wallfahrtskirche"},"content":{"rendered":"\n<figure class=\"wp-block-image\"><img loading=\"lazy\" width=\"568\" height=\"289\" src=\"https:\/\/www.bergl2019.eu\/wp-content\/uploads\/2019\/03\/Bergl-Zoller.jpg\" alt=\"\" class=\"wp-image-543\" srcset=\"https:\/\/www.bergl2019.eu\/wp-content\/uploads\/2019\/03\/Bergl-Zoller.jpg 568w, https:\/\/www.bergl2019.eu\/wp-content\/uploads\/2019\/03\/Bergl-Zoller-300x153.jpg 300w\" sizes=\"(max-width: 568px) 100vw, 568px\" \/><figcaption>Wallfahrtskirche \u00a9 Zoller<\/figcaption><\/figure>\n\n\n\n<p>Direkt an der Via Sacra nach Mariazell in der Steiermark lie\u00df der (Klein-) Mariazeller Abt Jacob Pach zwischen 1764 und 1774 in zwei Bauphasen die Wallfahrtskirche zum leidenden Heiland in der Dornau erbauen. Anlass dazu war die Genesung des Pr\u00e4laten von einer schweren Krankheit. Das Freskenprogramm ist an den schmerzensreichen Rosenkranz angelehnt und wurde von Franz Zoller umgesetzt. <\/p>\n\n\n\n<p>Offenbar war man mit seiner Gestaltung des Presbyteriums nicht ganz zufrieden und engagierte nach 1774 Johann Bergl, um Zollers Fresken zu \u00fcbermalen. Dieses wurde nun wesentlich reicher und farbenfroher ganz im typischen Stil Bergls gestaltet.<\/p>\n\n\n\n<p>Ungl\u00fccklicherweise  fielen diese Malereien einer umfassenden Restaurierung der Fresken um 1960 zum Opfer, so dass wieder die alte &#8211; urspr\u00fcnglich nicht erw\u00fcnschte &#8211; Ausmalung Zollers zu sehen ist. <\/p>\n\n\n\n<p>Bergls Malereien sind daher nur mehr auf nicht sehr qualit\u00e4tvollen Fotos aus der Zeit davor erhalten. <\/p>\n","protected":false},"excerpt":{"rendered":"<p>Direkt an der Via Sacra nach Mariazell in der Steiermark lie\u00df der (Klein-) Mariazeller Abt Jacob Pach zwischen 1764 und 1774 in zwei Bauphasen die Wallfahrtskirche zum leidenden Heiland in der Dornau erbauen. Anlass dazu war die Genesung des Pr\u00e4laten von einer schweren Krankheit. Das Freskenprogramm ist an den schmerzensreichen Rosenkranz angelehnt und wurde von &hellip; <\/p>\n<p class=\"link-more\"><a href=\"https:\/\/www.bergl2019.eu\/cs\/orte-des-schaffens\/thenneberg-dornau-wallfahrtskirche\/\" class=\"more-link\">Pokra\u010dovat ve \u010dten\u00ed<span class=\"screen-reader-text\"> &#8222;Thenneberg &#8211; Dornau, Wallfahrtskirche&#8220;<\/span><\/a><\/p>\n","protected":false},"author":3,"featured_media":0,"parent":318,"menu_order":0,"comment_status":"closed","ping_status":"closed","template":"","meta":[],"_links":{"self":[{"href":"https:\/\/www.bergl2019.eu\/cs\/wp-json\/wp\/v2\/pages\/537"}],"collection":[{"href":"https:\/\/www.bergl2019.eu\/cs\/wp-json\/wp\/v2\/pages"}],"about":[{"href":"https:\/\/www.bergl2019.eu\/cs\/wp-json\/wp\/v2\/types\/page"}],"author":[{"embeddable":true,"href":"https:\/\/www.bergl2019.eu\/cs\/wp-json\/wp\/v2\/users\/3"}],"replies":[{"embeddable":true,"href":"https:\/\/www.bergl2019.eu\/cs\/wp-json\/wp\/v2\/comments?post=537"}],"version-history":[{"count":3,"href":"https:\/\/www.bergl2019.eu\/cs\/wp-json\/wp\/v2\/pages\/537\/revisions"}],"predecessor-version":[{"id":650,"href":"https:\/\/www.bergl2019.eu\/cs\/wp-json\/wp\/v2\/pages\/537\/revisions\/650"}],"up":[{"embeddable":true,"href":"https:\/\/www.bergl2019.eu\/cs\/wp-json\/wp\/v2\/pages\/318"}],"wp:attachment":[{"href":"https:\/\/www.bergl2019.eu\/cs\/wp-json\/wp\/v2\/media?parent=537"}],"curies":[{"name":"wp","href":"https:\/\/api.w.org\/{rel}","templated":true}]}}