{"id":389,"date":"2019-03-16T14:11:05","date_gmt":"2019-03-16T13:11:05","guid":{"rendered":"https:\/\/www.bergl2019.eu\/?page_id=389"},"modified":"2019-05-16T21:32:21","modified_gmt":"2019-05-16T19:32:21","slug":"impressum","status":"publish","type":"page","link":"https:\/\/www.bergl2019.eu\/cs\/impressum\/","title":{"rendered":"Impressum"},"content":{"rendered":"\n<p>F\u00fcr den Inhalt dieser Webseite ist die Arbeitsgemeinschaft <em>300 Jahre Johann Bergl <\/em>verantwortlich, vertreten durch:<\/p>\n\n\n\n<p><strong>Mariazell im Wienerwald<\/strong> <br><strong>Verein f\u00fcr Kultur und Denkmalpflege im oberen Triestingtal<\/strong> <\/p>\n\n\n\n<p>Thenneberg 218, 2571 Altenmarkt &#8211;  ZVR 800660722, <a href=\"http:\/\/www.mariazell-wienerwald.at\" target=\"_blank\" rel=\"noreferrer noopener\" aria-label=\"http:\/\/www.mariazell-wienerwald.at (\u00f6ffnet in neuem Tab)\">http:\/\/www.mariazell-wienerwald.at<\/a> <\/p>\n\n\n\n<p>Dr. Thomas Aigner: t.aigner[a]mariazell-wienerwald.at<\/p>\n\n\n\n<p><strong>T\u00e4tigkeitsbereich:<\/strong><\/p>\n\n\n\n<p>Die Arbeitsgemeinschaft <em>300 Jahre Johann Bergl<\/em> hat sich zur Aufgabe gemacht, den Barockmaler Johann Wenzel Baptist Bergl 2019, zu seinem 300. Geburtsjahr zu w\u00fcrdigen. Es ist ein Gemeinschaftsprojekt folgender beteiligter Institutionen:<\/p>\n\n\n\n<ul><li>Benediktinerstift Melk (AT)<\/li><li>Basilika und Pfarre Klein-Mariazell, Altenmarkt (AT)<\/li><li><em>Schlo\u00df Sch\u00f6nbrunn<\/em> Kultur- und Betriebsges.m.b.H. (AT)<\/li><li>Verein f\u00fcr Kultur und Denkmalpflege im oberen Triestingtal, Altenmarkt (AT)<\/li><li>Stift Zwettl (AT)<\/li><li>Stadtmuseum Dv\u016fr Kr\u00e1lov\u00e9 nad Labem \/K\u00f6niginhof (CZ)<\/li><li>Museum der Kunst Olm\u00fctz (CZ)<\/li><li>Di\u00f6zesanarchiv St. P\u00f6lten (AT)<\/li><\/ul>\n\n\n\n<p><strong>Organisationskomitee:<\/strong><\/p>\n\n\n\n<ul><li>Dr. Thomas Aigner<\/li><li>Dr. Petr Arij\u010duk<\/li><li>Dr. Christina Eggeling<\/li><li>Mag. Christine Fischeneder-Meiseneder<\/li><li>Martin Fuchs<\/li><li>Mag. Andreas Gamerith<\/li><li>Dr. Elfriede Iby<\/li><li>P. Dr. Marek Pucalik<\/li><li>P. Martin Rotheneder<\/li><li>Martin Schindelar<\/li><\/ul>\n\n\n\n<hr class=\"wp-block-separator\"\/>\n\n\n\n<p><strong>Haftungsausschlu\u00df:<\/strong><\/p>\n\n\n\n<p>Auf unserer Website k\u00f6nnen sich Interessierte \u00fcber den Aktivit\u00e4ten zum Jubil\u00e4umsjahr <em>300 Jahre Johann Bergl<\/em> informieren. Die ver\u00f6ffentlichen Daten und weitere Informationen unterliegen st\u00e4ndigen Neuerungen und Aktualisierungen. Diese Informationen werden durchgehend gepflegt, um sie auf aktuellen Stand zu halten. Die Arbeitsgemeinschaft <em>300 Jahre Johann Bergl<\/em> \u00fcbernimmt jedoch keine Gew\u00e4hr f\u00fcr die Vollst\u00e4ndigkeit und Richtigkeit der Angaben.<\/p>\n\n\n\n<p><strong>Rechtlicher Hinweis zu Hyperlinks:<\/strong><\/p>\n\n\n\n<p>Wir machen uns den Inhalt verlinkter bzw. empfohlener Websites nicht zu eigen und \u00fcbernehmen f\u00fcr etwaige Rechtsverst\u00f6\u00dfe auf diesen Seiten keine Haftung. So erkl\u00e4ren wir ausdr\u00fccklich, da\u00df zum Zeitpunkt der Verlinkung die entsprechenden Websites frei von illegalen Inhalten waren. Wir haben keinerlei Einfluss auf die aktuelle und zuk\u00fcnftige Gestaltung und auf die Inhalte der empfohlenen Websites und n\u00fctzlichen Links. Es gilt der daher Haftungsausschlu\u00df.<\/p>\n\n\n\n<p><strong>Urheberrechtshinweis:<\/strong><\/p>\n\n\n\n<p>Logo, Layout und Bilder dieser Website sind gesetzlich gesch\u00fctzt. Die Beitr\u00e4ge, Erl\u00e4uterungen, Anmerkungen und sonstigen Texte dieser Website unterliegen dem Urheberrecht, soweit dies gesetzlich zul\u00e4ssig ist. Download und Ausdruck zum pers\u00f6nlichen, privaten und nicht kommerziellen Gebrauch sind gestattet. Jede sonstige und vom Urheberrechtsgesetz nicht zugelassene Verwertung bedarf der vorherigen Zustimmung der rechtlichen InhaberInnen.<\/p>\n\n\n\n<figure class=\"wp-block-image is-resized\"><img loading=\"lazy\" src=\"https:\/\/www.bergl2019.eu\/wp-content\/uploads\/2019\/03\/grafik-1.png\" alt=\"\" class=\"wp-image-406\" width=\"611\" height=\"426\" srcset=\"https:\/\/www.bergl2019.eu\/wp-content\/uploads\/2019\/03\/grafik-1.png 768w, https:\/\/www.bergl2019.eu\/wp-content\/uploads\/2019\/03\/grafik-1-300x209.png 300w\" sizes=\"(max-width: 611px) 100vw, 611px\" \/><\/figure>\n\n\n\n<div class=\"wp-block-image\"><figure class=\"alignleft is-resized\"><img loading=\"lazy\" src=\"https:\/\/www.bergl2019.eu\/wp-content\/uploads\/2019\/04\/dasp-logo11-webtransparentohne-rand.png\" alt=\"\" class=\"wp-image-900\" width=\"255\" height=\"51\" srcset=\"https:\/\/www.bergl2019.eu\/wp-content\/uploads\/2019\/04\/dasp-logo11-webtransparentohne-rand.png 1000w, https:\/\/www.bergl2019.eu\/wp-content\/uploads\/2019\/04\/dasp-logo11-webtransparentohne-rand-300x61.png 300w, https:\/\/www.bergl2019.eu\/wp-content\/uploads\/2019\/04\/dasp-logo11-webtransparentohne-rand-768x155.png 768w\" sizes=\"(max-width: 255px) 100vw, 255px\" \/><\/figure><\/div>\n\n\n\n<figure class=\"wp-block-image is-resized\"><img loading=\"lazy\" src=\"https:\/\/www.bergl2019.eu\/wp-content\/uploads\/2019\/05\/Logo_Schoenbrunn_2013_RGB_pos-1024x359.jpg\" alt=\"\" class=\"wp-image-1055\" width=\"346\" height=\"120\" srcset=\"https:\/\/www.bergl2019.eu\/wp-content\/uploads\/2019\/05\/Logo_Schoenbrunn_2013_RGB_pos-1024x359.jpg 1024w, https:\/\/www.bergl2019.eu\/wp-content\/uploads\/2019\/05\/Logo_Schoenbrunn_2013_RGB_pos-300x105.jpg 300w, https:\/\/www.bergl2019.eu\/wp-content\/uploads\/2019\/05\/Logo_Schoenbrunn_2013_RGB_pos-768x269.jpg 768w\" sizes=\"(max-width: 346px) 100vw, 346px\" \/><\/figure>\n","protected":false},"excerpt":{"rendered":"<p>F\u00fcr den Inhalt dieser Webseite ist die Arbeitsgemeinschaft 300 Jahre Johann Bergl verantwortlich, vertreten durch: Mariazell im Wienerwald Verein f\u00fcr Kultur und Denkmalpflege im oberen Triestingtal Thenneberg 218, 2571 Altenmarkt &#8211; ZVR 800660722, http:\/\/www.mariazell-wienerwald.at Dr. Thomas Aigner: t.aigner[a]mariazell-wienerwald.at T\u00e4tigkeitsbereich: Die Arbeitsgemeinschaft 300 Jahre Johann Bergl hat sich zur Aufgabe gemacht, den Barockmaler Johann Wenzel Baptist &hellip; <\/p>\n<p class=\"link-more\"><a href=\"https:\/\/www.bergl2019.eu\/cs\/impressum\/\" class=\"more-link\">Pokra\u010dovat ve \u010dten\u00ed<span class=\"screen-reader-text\"> &#8222;Impressum&#8220;<\/span><\/a><\/p>\n","protected":false},"author":2,"featured_media":0,"parent":0,"menu_order":0,"comment_status":"closed","ping_status":"closed","template":"","meta":[],"_links":{"self":[{"href":"https:\/\/www.bergl2019.eu\/cs\/wp-json\/wp\/v2\/pages\/389"}],"collection":[{"href":"https:\/\/www.bergl2019.eu\/cs\/wp-json\/wp\/v2\/pages"}],"about":[{"href":"https:\/\/www.bergl2019.eu\/cs\/wp-json\/wp\/v2\/types\/page"}],"author":[{"embeddable":true,"href":"https:\/\/www.bergl2019.eu\/cs\/wp-json\/wp\/v2\/users\/2"}],"replies":[{"embeddable":true,"href":"https:\/\/www.bergl2019.eu\/cs\/wp-json\/wp\/v2\/comments?post=389"}],"version-history":[{"count":20,"href":"https:\/\/www.bergl2019.eu\/cs\/wp-json\/wp\/v2\/pages\/389\/revisions"}],"predecessor-version":[{"id":1058,"href":"https:\/\/www.bergl2019.eu\/cs\/wp-json\/wp\/v2\/pages\/389\/revisions\/1058"}],"wp:attachment":[{"href":"https:\/\/www.bergl2019.eu\/cs\/wp-json\/wp\/v2\/media?parent=389"}],"curies":[{"name":"wp","href":"https:\/\/api.w.org\/{rel}","templated":true}]}}