{"id":148,"date":"2019-03-09T17:55:35","date_gmt":"2019-03-09T16:55:35","guid":{"rendered":"https:\/\/www.bergl2019.eu\/300-jahre-johann-wenzel-bergl-1719-1789\/"},"modified":"2019-03-09T18:04:25","modified_gmt":"2019-03-09T17:04:25","slug":"300-jahre-johann-wenzel-bergl-1719-1789","status":"publish","type":"page","link":"https:\/\/www.bergl2019.eu\/cs\/300-jahre-johann-wenzel-bergl-1719-1789\/","title":{"rendered":"Johann Wenzel Bergl (1719-1789) &#8211; U p\u0159\u00edle\u017eitosti 300. v\u00fdro\u010d\u00ed narozen\u00ed barokn\u00edho um\u011blce"},"content":{"rendered":"\n<div class=\"wp-block-image\"><figure class=\"alignright is-resized\"><img loading=\"lazy\" src=\"https:\/\/www.bergl2019.eu\/wp-content\/uploads\/2019\/03\/Bergl_Titel.jpg\" alt=\"\" class=\"wp-image-136\" width=\"204\" height=\"424\" srcset=\"https:\/\/www.bergl2019.eu\/wp-content\/uploads\/2019\/03\/Bergl_Titel.jpg 326w, https:\/\/www.bergl2019.eu\/wp-content\/uploads\/2019\/03\/Bergl_Titel-144x300.jpg 144w\" sizes=\"(max-width: 204px) 100vw, 204px\" \/><\/figure><\/div>\n\n\n\n<p><strong>Ur\u010dit\u011b \u017e\u00e1dn\u00fd g\u00e9nius! <\/strong>Johann Wenzel Bergl, rod\u00e1k z\u00a0\u010desk\u00e9ho Dvora Kr\u00e1lov\u00e9, b\u011b\u017en\u011b neb\u00fdv\u00e1 \u0159azen mezi v\u00fdzna\u010dn\u00e9 velik\u00e1ny barokn\u00edho um\u011bn\u00ed st\u0159edn\u00ed Evropy. P\u0159itom p\u0159edev\u0161\u00edm jeho exotick\u00e9 n\u00e1st\u011bnn\u00e9 malby, jim\u017e vd\u011b\u010d\u00ed za svou popularitu, dok\u00e1\u017e\u00ed okouzlit je\u0161t\u011b dnes. V d\u00edlech, kter\u00e1 zhotovoval i pro tak prominentn\u00ed z\u00e1kazn\u00edky jako byla nap\u0159\u00edklad c\u00edsa\u0159ovna Marie Terezie, n\u00e1s prov\u00e1z\u00ed vzd\u00e1len\u00fdmi krajinami obydlen\u00fdmi cizokrajn\u00fdmi n\u00e1rody a vz\u00e1cn\u00fdmi zv\u00ed\u0159aty.  <br><\/p>\n\n\n\n<p> <strong>V\u00edc ne\u017e jen nadan\u00fd dekorat\u00e9r.<\/strong><br> V p\u0159edve\u010der josef\u00ednsk\u00fdch reforem (je\u017e m\u011bly \u0159adu z\u00a0jeho zadavatel\u016f kl\u00e1\u0161tern\u00edch zak\u00e1zek p\u0159ipravit brzy o existenci) se um\u011blci poda\u0159ilo v\u00a0ide\u00e1ln\u00ed podob\u011b ztv\u00e1rnit snov\u00e9 obrazy jeho prel\u00e1t\u016f. Nejen v\u00a0kl\u00e1\u0161te\u0159e v\u00a0Melku, ale tak\u00e9 v\u00a0bazilice v\u00a0Klein-Mariazell tak mohl dokonale rozvinout svou \u010dinorodou tvorbu a vedle \u010dtvera\u010div\u00fdch zahradn\u00edch pavilon\u016f tak vznikaly i seri\u00f3zn\u00ed cykly s\u00a0n\u00e1bo\u017eenskou tematikou. <br><\/p>\n\n\n\n<p><strong>V&nbsp;radosti\nz&nbsp;vypr\u00e1v\u011bn\u00ed<\/strong> se u t\u011bchto obraz\u016f skr\u00fdv\u00e1 s\u00edla Berglovy tvorby. Jeho\nobliba v&nbsp;drah\u00fdch l\u00e1tk\u00e1ch a perlami pos\u00e1zen\u00fdch r\u00f3b\u00e1ch je nezam\u011bniteln\u00e1,\nstejn\u011b jako jeho dech berouc\u00ed pou\u017eit\u00ed barev, kdy se jeho fresky virtu\u00f3zn\u011b\nt\u0159pyt\u00ed v&nbsp;t\u00f3nech duhy. Jeho figury dok\u00e1\u017eou i zneklidnit, povadl\u00e9 kr\u00e1sky,\njejich\u017e postavy oh\u00fdbaj\u00ed antick\u00e9 ide\u00e1ly ve prosp\u011bch ho\u0159kosladk\u00e9 expresivity.\nCharakter a hlavn\u011b temperament, tak zn\u00ed hlavn\u00ed deviza. <br>\nPokud u\u017e tehdej\u0161\u00ed teorie um\u011bn\u00ed kolem roku 1760 b\u00e1snila o \u010dist\u00e9 p\u0159irozenosti a\ntich\u00e9 velikosti, Bergl je\u0161t\u011b obdaroval kon\u010d\u00edc\u00ed \u00e9ru baroka veselost\u00ed\nharmonick\u00e9ho uspo\u0159\u00e1d\u00e1n\u00ed sv\u011bta. V&nbsp;tomto dobromysln\u00e9m \u0159\u00e1du (jak jej vn\u00edmal\non) bylo v\u0161ude dost m\u00edsta pro svat\u00e9 z&nbsp;nebes, pro bohy z&nbsp;Olympu, ale i\npro divochy ze vzd\u00e1len\u00e9 \u201eAmeriky\u201c. Jeho \u00famrt\u00ed v&nbsp;lednu 1789, v&nbsp;p\u0159edve\u010der\nFrancouzsk\u00e9 revoluce a dramatick\u00e9ho konce v\u0161ech barokn\u00edch fantazi\u00ed, se tak\nsp\u00ed\u0161e ne\u017e jako ironie jev\u00ed jako p\u0159\u00edze\u0148 osudu. \n\n\n\n<\/p>\n\n\n\n<p> <strong>Se v\u0161\u00ed bezstarostnou lehkost\u00ed<\/strong><\/p>\n\n\n\n<p> D\u00edlo Johanna Wenzela Bergla rozhodn\u011b nebylo provokativn\u00ed nedostatkem respektu. Ano, p\u0159ehl\u00ed\u017e\u00ed krizi lidsk\u00e9ho byt\u00ed, nevyjad\u0159uje se ke krizi v\u00edry vzhledem k\u00a0osv\u00edcenstv\u00ed. Tak\u00e9 si nehraje na krotitele tajn\u00fdch tu\u017eeb \u2013 ani v\u00a0jeho rozvern\u00fdch dekorac\u00edch ostatn\u011b nenajdeme stopy exces\u016f. Nikam se nedere, nechce prorazit, v\u0161echno prohl\u00e9dnout. Proto\u017ee \u2013 ruku na srdce \u2013 k\u00a0\u010demu vlastn\u011b\u2026 K\u00a0\u010demu deziluze, k\u00a0\u010demu odhalen\u00ed (a v\u00a0tom pr\u00e1v\u011b tkv\u00ed jeho d\u016fvtip), kdy\u017e cel\u00fd sv\u011bt je vlastn\u011b stejn\u011b jen kulisa.  <br><\/p>\n","protected":false},"excerpt":{"rendered":"<p>Ur\u010dit\u011b \u017e\u00e1dn\u00fd g\u00e9nius! Johann Wenzel Bergl, rod\u00e1k z\u00a0\u010desk\u00e9ho Dvora Kr\u00e1lov\u00e9, b\u011b\u017en\u011b neb\u00fdv\u00e1 \u0159azen mezi v\u00fdzna\u010dn\u00e9 velik\u00e1ny barokn\u00edho um\u011bn\u00ed st\u0159edn\u00ed Evropy. P\u0159itom p\u0159edev\u0161\u00edm jeho exotick\u00e9 n\u00e1st\u011bnn\u00e9 malby, jim\u017e vd\u011b\u010d\u00ed za svou popularitu, dok\u00e1\u017e\u00ed okouzlit je\u0161t\u011b dnes. V d\u00edlech, kter\u00e1 zhotovoval i pro tak prominentn\u00ed z\u00e1kazn\u00edky jako byla nap\u0159\u00edklad c\u00edsa\u0159ovna Marie Terezie, n\u00e1s prov\u00e1z\u00ed vzd\u00e1len\u00fdmi krajinami obydlen\u00fdmi &hellip; <\/p>\n<p class=\"link-more\"><a href=\"https:\/\/www.bergl2019.eu\/cs\/300-jahre-johann-wenzel-bergl-1719-1789\/\" class=\"more-link\">Pokra\u010dovat ve \u010dten\u00ed<span class=\"screen-reader-text\"> &#8222;Johann Wenzel Bergl (1719-1789) &#8211; U p\u0159\u00edle\u017eitosti 300. v\u00fdro\u010d\u00ed narozen\u00ed barokn\u00edho um\u011blce&#8220;<\/span><\/a><\/p>\n","protected":false},"author":3,"featured_media":0,"parent":0,"menu_order":0,"comment_status":"closed","ping_status":"closed","template":"","meta":[],"_links":{"self":[{"href":"https:\/\/www.bergl2019.eu\/cs\/wp-json\/wp\/v2\/pages\/148"}],"collection":[{"href":"https:\/\/www.bergl2019.eu\/cs\/wp-json\/wp\/v2\/pages"}],"about":[{"href":"https:\/\/www.bergl2019.eu\/cs\/wp-json\/wp\/v2\/types\/page"}],"author":[{"embeddable":true,"href":"https:\/\/www.bergl2019.eu\/cs\/wp-json\/wp\/v2\/users\/3"}],"replies":[{"embeddable":true,"href":"https:\/\/www.bergl2019.eu\/cs\/wp-json\/wp\/v2\/comments?post=148"}],"version-history":[{"count":1,"href":"https:\/\/www.bergl2019.eu\/cs\/wp-json\/wp\/v2\/pages\/148\/revisions"}],"predecessor-version":[{"id":150,"href":"https:\/\/www.bergl2019.eu\/cs\/wp-json\/wp\/v2\/pages\/148\/revisions\/150"}],"wp:attachment":[{"href":"https:\/\/www.bergl2019.eu\/cs\/wp-json\/wp\/v2\/media?parent=148"}],"curies":[{"name":"wp","href":"https:\/\/api.w.org\/{rel}","templated":true}]}}